{"id":1032,"date":"2022-05-30T10:44:33","date_gmt":"2022-05-30T10:44:33","guid":{"rendered":"https:\/\/new.professionalhair.hu\/?page_id=1032"},"modified":"2022-10-11T12:44:39","modified_gmt":"2022-10-11T10:44:39","slug":"gyik","status":"publish","type":"page","link":"https:\/\/professionalhair.hu\/en\/gyik\/","title":{"rendered":"F.A.Q."},"content":{"rendered":"<div data-elementor-type=\"wp-page\" data-elementor-id=\"1032\" class=\"elementor elementor-1032\" data-elementor-post-type=\"page\">\n\t\t\t\t\t\t<section class=\"elementor-section elementor-top-section elementor-element elementor-element-71977fa elementor-section-boxed elementor-section-height-default elementor-section-height-default\" data-id=\"71977fa\" data-element_type=\"section\" data-settings=\"{&quot;_ha_eqh_enable&quot;:false}\">\n\t\t\t\t\t\t<div class=\"elementor-container elementor-column-gap-default\">\n\t\t\t\t\t<div class=\"elementor-column elementor-col-100 elementor-top-column elementor-element elementor-element-6711bf4\" data-id=\"6711bf4\" data-element_type=\"column\">\n\t\t\t<div class=\"elementor-widget-wrap elementor-element-populated\">\n\t\t\t\t\t\t<div class=\"elementor-element elementor-element-b0549b4 elementor-widget elementor-widget-text-editor\" data-id=\"b0549b4\" data-element_type=\"widget\" data-widget_type=\"text-editor.default\">\n\t\t\t\t<div class=\"elementor-widget-container\">\n\t\t\t\t\t\t\t<p>OUR SERVICES<\/p>\t\t\t\t\t\t<\/div>\n\t\t\t\t<\/div>\n\t\t\t\t<div class=\"elementor-element elementor-element-d73821e elementor-widget elementor-widget-heading\" data-id=\"d73821e\" data-element_type=\"widget\" data-widget_type=\"heading.default\">\n\t\t\t\t<div class=\"elementor-widget-container\">\n\t\t\t<h3 class=\"elementor-heading-title elementor-size-default\">FREQUENTLY ASKED QUESTIONS<\/h3>\t\t<\/div>\n\t\t\t\t<\/div>\n\t\t\t\t\t<\/div>\n\t\t<\/div>\n\t\t\t\t\t<\/div>\n\t\t<\/section>\n\t\t\t\t<section class=\"elementor-section elementor-top-section elementor-element elementor-element-5324136 elementor-section-boxed elementor-section-height-default elementor-section-height-default\" data-id=\"5324136\" data-element_type=\"section\" data-settings=\"{&quot;background_background&quot;:&quot;classic&quot;,&quot;_ha_eqh_enable&quot;:false}\">\n\t\t\t\t\t\t<div class=\"elementor-container elementor-column-gap-default\">\n\t\t\t\t\t<div class=\"elementor-column elementor-col-100 elementor-top-column elementor-element elementor-element-d8bc584\" data-id=\"d8bc584\" data-element_type=\"column\">\n\t\t\t<div class=\"elementor-widget-wrap elementor-element-populated\">\n\t\t\t\t\t\t<div class=\"elementor-element elementor-element-a5de0b7 elementor-widget elementor-widget-heading\" data-id=\"a5de0b7\" data-element_type=\"widget\" data-widget_type=\"heading.default\">\n\t\t\t\t<div class=\"elementor-widget-container\">\n\t\t\t<h2 class=\"elementor-heading-title elementor-size-default\">F.A.Q.<\/h2>\t\t<\/div>\n\t\t\t\t<\/div>\n\t\t\t\t<section class=\"elementor-section elementor-inner-section elementor-element elementor-element-1b74132 elementor-section-boxed elementor-section-height-default elementor-section-height-default\" data-id=\"1b74132\" data-element_type=\"section\" data-settings=\"{&quot;_ha_eqh_enable&quot;:false}\">\n\t\t\t\t\t\t<div class=\"elementor-container elementor-column-gap-default\">\n\t\t\t\t\t<div class=\"elementor-column elementor-col-100 elementor-inner-column elementor-element elementor-element-37d920a\" data-id=\"37d920a\" data-element_type=\"column\">\n\t\t\t<div class=\"elementor-widget-wrap elementor-element-populated\">\n\t\t\t\t\t\t<div class=\"elementor-element elementor-element-3c0bfb5 elementor-widget elementor-widget-heading\" data-id=\"3c0bfb5\" data-element_type=\"widget\" data-widget_type=\"heading.default\">\n\t\t\t\t<div class=\"elementor-widget-container\">\n\t\t\t<h3 class=\"elementor-heading-title elementor-size-default\">How painful is the implantation?<\/h3>\t\t<\/div>\n\t\t\t\t<\/div>\n\t\t\t\t<div class=\"elementor-element elementor-element-b59b1c9 ha-has-bg-overlay elementor-widget elementor-widget-text-editor\" data-id=\"b59b1c9\" data-element_type=\"widget\" data-widget_type=\"text-editor.default\">\n\t\t\t\t<div class=\"elementor-widget-container\">\n\t\t\t\t\t\t\t<p>Before the hair transplant, you will receive a local anaesthetic in the form of an injection,\nwhich is uncomfortable, but you will not feel any pain afterwards. Of course, people&#039;s pain\nthresholds vary, but in general, thanks to the anaesthesia, you will not feel any pain during\nthe operation, just a little pressure.<\/p>\t\t\t\t\t\t<\/div>\n\t\t\t\t<\/div>\n\t\t\t\t\t<\/div>\n\t\t<\/div>\n\t\t\t\t\t<\/div>\n\t\t<\/section>\n\t\t\t\t<section class=\"elementor-section elementor-inner-section elementor-element elementor-element-63671dc elementor-section-boxed elementor-section-height-default elementor-section-height-default\" data-id=\"63671dc\" data-element_type=\"section\" data-settings=\"{&quot;_ha_eqh_enable&quot;:false}\">\n\t\t\t\t\t\t<div class=\"elementor-container elementor-column-gap-default\">\n\t\t\t\t\t<div class=\"elementor-column elementor-col-100 elementor-inner-column elementor-element elementor-element-1e4bc06\" data-id=\"1e4bc06\" data-element_type=\"column\">\n\t\t\t<div class=\"elementor-widget-wrap elementor-element-populated\">\n\t\t\t\t\t\t<div class=\"elementor-element elementor-element-aa93eba elementor-widget elementor-widget-heading\" data-id=\"aa93eba\" data-element_type=\"widget\" data-widget_type=\"heading.default\">\n\t\t\t\t<div class=\"elementor-widget-container\">\n\t\t\t<h3 class=\"elementor-heading-title elementor-size-default\">When can I go back to work after hair transplantation?<\/h3>\t\t<\/div>\n\t\t\t\t<\/div>\n\t\t\t\t<div class=\"elementor-element elementor-element-beb5fa1 ha-has-bg-overlay elementor-widget elementor-widget-text-editor\" data-id=\"beb5fa1\" data-element_type=\"widget\" data-widget_type=\"text-editor.default\">\n\t\t\t\t<div class=\"elementor-widget-container\">\n\t\t\t\t\t\t\t<p>Our modern procedure allows you to start work the day after the operation. However, intense\nphysical activity should be avoided for 2-3 weeks. More information <a style=\"color: #089d9b;\" href=\"\/en\/fue2-technologia\/#beultetes\">HERE<\/a>.<\/p>\t\t\t\t\t\t<\/div>\n\t\t\t\t<\/div>\n\t\t\t\t\t<\/div>\n\t\t<\/div>\n\t\t\t\t\t<\/div>\n\t\t<\/section>\n\t\t\t\t<section class=\"elementor-section elementor-inner-section elementor-element elementor-element-62a6cf9 elementor-section-boxed elementor-section-height-default elementor-section-height-default\" data-id=\"62a6cf9\" data-element_type=\"section\" data-settings=\"{&quot;_ha_eqh_enable&quot;:false}\">\n\t\t\t\t\t\t<div class=\"elementor-container elementor-column-gap-default\">\n\t\t\t\t\t<div class=\"elementor-column elementor-col-100 elementor-inner-column elementor-element elementor-element-5b22445\" data-id=\"5b22445\" data-element_type=\"column\">\n\t\t\t<div class=\"elementor-widget-wrap elementor-element-populated\">\n\t\t\t\t\t\t<div class=\"elementor-element elementor-element-2a88882 elementor-widget elementor-widget-heading\" data-id=\"2a88882\" data-element_type=\"widget\" data-widget_type=\"heading.default\">\n\t\t\t\t<div class=\"elementor-widget-container\">\n\t\t\t<h3 class=\"elementor-heading-title elementor-size-default\">How does the surgery work?<\/h3>\t\t<\/div>\n\t\t\t\t<\/div>\n\t\t\t\t<div class=\"elementor-element elementor-element-270824a ha-has-bg-overlay elementor-widget elementor-widget-text-editor\" data-id=\"270824a\" data-element_type=\"widget\" data-widget_type=\"text-editor.default\">\n\t\t\t\t<div class=\"elementor-widget-container\">\n\t\t\t\t\t\t\t<p class=\" translation-block\">Out-patient surgery, 1 or 2 days depending on the amount of hairs to be transplanted. You\ncan read about the day <a style=\"color: #089d9b\" href=\"\/en\/fue2-technologia\/#mutet-menet\" target=\"_self\">HERE<\/a>.<\/p>\t\t\t\t\t\t<\/div>\n\t\t\t\t<\/div>\n\t\t\t\t\t<\/div>\n\t\t<\/div>\n\t\t\t\t\t<\/div>\n\t\t<\/section>\n\t\t\t\t<section class=\"elementor-section elementor-inner-section elementor-element elementor-element-93791c8 elementor-section-boxed elementor-section-height-default elementor-section-height-default\" data-id=\"93791c8\" data-element_type=\"section\" data-settings=\"{&quot;_ha_eqh_enable&quot;:false}\">\n\t\t\t\t\t\t<div class=\"elementor-container elementor-column-gap-default\">\n\t\t\t\t\t<div class=\"elementor-column elementor-col-100 elementor-inner-column elementor-element elementor-element-296f760\" data-id=\"296f760\" data-element_type=\"column\">\n\t\t\t<div class=\"elementor-widget-wrap elementor-element-populated\">\n\t\t\t\t\t\t<div class=\"elementor-element elementor-element-7834258 elementor-widget elementor-widget-heading\" data-id=\"7834258\" data-element_type=\"widget\" data-widget_type=\"heading.default\">\n\t\t\t\t<div class=\"elementor-widget-container\">\n\t\t\t<h3 class=\"elementor-heading-title elementor-size-default\">How quickly do I get results from hair transplantation?<\/h3>\t\t<\/div>\n\t\t\t\t<\/div>\n\t\t\t\t<div class=\"elementor-element elementor-element-fe53eb5 ha-has-bg-overlay elementor-widget elementor-widget-text-editor\" data-id=\"fe53eb5\" data-element_type=\"widget\" data-widget_type=\"text-editor.default\">\n\t\t\t\t<div class=\"elementor-widget-container\">\n\t\t\t\t\t\t\t<p>It takes about 10 days for the graft to take root. Coffee and cigarettes are not recommended\nduring this time. After the transplantation, the transplanted hair will start to grow, but it takes\n3-4 months for the hair follicles to regenerate before the final hair can start to grow.<\/p>\t\t\t\t\t\t<\/div>\n\t\t\t\t<\/div>\n\t\t\t\t\t<\/div>\n\t\t<\/div>\n\t\t\t\t\t<\/div>\n\t\t<\/section>\n\t\t\t\t<section class=\"elementor-section elementor-inner-section elementor-element elementor-element-1b07d79 elementor-section-boxed elementor-section-height-default elementor-section-height-default\" data-id=\"1b07d79\" data-element_type=\"section\" data-settings=\"{&quot;_ha_eqh_enable&quot;:false}\">\n\t\t\t\t\t\t<div class=\"elementor-container elementor-column-gap-default\">\n\t\t\t\t\t<div class=\"elementor-column elementor-col-100 elementor-inner-column elementor-element elementor-element-f3fa6b8\" data-id=\"f3fa6b8\" data-element_type=\"column\">\n\t\t\t<div class=\"elementor-widget-wrap elementor-element-populated\">\n\t\t\t\t\t\t<div class=\"elementor-element elementor-element-6b7c610 elementor-widget elementor-widget-heading\" data-id=\"6b7c610\" data-element_type=\"widget\" data-widget_type=\"heading.default\">\n\t\t\t\t<div class=\"elementor-widget-container\">\n\t\t\t<h3 class=\"elementor-heading-title elementor-size-default\">When will I see the final result?<\/h3>\t\t<\/div>\n\t\t\t\t<\/div>\n\t\t\t\t<div class=\"elementor-element elementor-element-c981f6a ha-has-bg-overlay elementor-widget elementor-widget-text-editor\" data-id=\"c981f6a\" data-element_type=\"widget\" data-widget_type=\"text-editor.default\">\n\t\t\t\t<div class=\"elementor-widget-container\">\n\t\t\t\t\t\t\t<p>The results of the procedure are gradually visible, with the final hair growth reaching the\ndesired result in the 10th - 12th month. The implanted hair has a completely natural effect, as\nthe &quot;rotation&quot; of the hairs can be adjusted. A density of approximately 100-120 hairs per cm\u00b2\ncan be achieved with transplantation. Further, it can be cut, shaped, coloured, etc. in the same\nway as the original hair.<\/p>\t\t\t\t\t\t<\/div>\n\t\t\t\t<\/div>\n\t\t\t\t\t<\/div>\n\t\t<\/div>\n\t\t\t\t\t<\/div>\n\t\t<\/section>\n\t\t\t\t<section class=\"elementor-section elementor-inner-section elementor-element elementor-element-5559963 elementor-section-boxed elementor-section-height-default elementor-section-height-default\" data-id=\"5559963\" data-element_type=\"section\" data-settings=\"{&quot;_ha_eqh_enable&quot;:false}\">\n\t\t\t\t\t\t<div class=\"elementor-container elementor-column-gap-default\">\n\t\t\t\t\t<div class=\"elementor-column elementor-col-100 elementor-inner-column elementor-element elementor-element-8707b24\" data-id=\"8707b24\" data-element_type=\"column\">\n\t\t\t<div class=\"elementor-widget-wrap elementor-element-populated\">\n\t\t\t\t\t\t<div class=\"elementor-element elementor-element-3d7c27d elementor-widget elementor-widget-heading\" data-id=\"3d7c27d\" data-element_type=\"widget\" data-widget_type=\"heading.default\">\n\t\t\t\t<div class=\"elementor-widget-container\">\n\t\t\t<h3 class=\"elementor-heading-title elementor-size-default\">Can I have other people&#039;s hair?<\/h3>\t\t<\/div>\n\t\t\t\t<\/div>\n\t\t\t\t<div class=\"elementor-element elementor-element-82b6ca7 ha-has-bg-overlay elementor-widget elementor-widget-text-editor\" data-id=\"82b6ca7\" data-element_type=\"widget\" data-widget_type=\"text-editor.default\">\n\t\t\t\t<div class=\"elementor-widget-container\">\n\t\t\t\t\t\t\t<p>No! For hair transplantation, only your own hair can be used, which is usually transplanted\nfrom the back side of the head.<\/p>\t\t\t\t\t\t<\/div>\n\t\t\t\t<\/div>\n\t\t\t\t\t<\/div>\n\t\t<\/div>\n\t\t\t\t\t<\/div>\n\t\t<\/section>\n\t\t\t\t<section class=\"elementor-section elementor-inner-section elementor-element elementor-element-e50f846 elementor-section-boxed elementor-section-height-default elementor-section-height-default\" data-id=\"e50f846\" data-element_type=\"section\" data-settings=\"{&quot;_ha_eqh_enable&quot;:false}\">\n\t\t\t\t\t\t<div class=\"elementor-container elementor-column-gap-default\">\n\t\t\t\t\t<div class=\"elementor-column elementor-col-100 elementor-inner-column elementor-element elementor-element-6df055b\" data-id=\"6df055b\" data-element_type=\"column\">\n\t\t\t<div class=\"elementor-widget-wrap elementor-element-populated\">\n\t\t\t\t\t\t<div class=\"elementor-element elementor-element-50e75db elementor-widget elementor-widget-heading\" data-id=\"50e75db\" data-element_type=\"widget\" data-widget_type=\"heading.default\">\n\t\t\t\t<div class=\"elementor-widget-container\">\n\t\t\t<h3 class=\"elementor-heading-title elementor-size-default\">Can my transplanted hair fall out?<\/h3>\t\t<\/div>\n\t\t\t\t<\/div>\n\t\t\t\t<div class=\"elementor-element elementor-element-cb405e2 ha-has-bg-overlay elementor-widget elementor-widget-text-editor\" data-id=\"cb405e2\" data-element_type=\"widget\" data-widget_type=\"text-editor.default\">\n\t\t\t\t<div class=\"elementor-widget-container\">\n\t\t\t\t\t\t\t<p>This should not happen. The hair transplanted from the back of the head is insensitive to the\nandrogen hormone, so it will not fall out. With our additional hair and scalp treatments, your\nhair will be extremely thick and healthy.<\/p>\t\t\t\t\t\t<\/div>\n\t\t\t\t<\/div>\n\t\t\t\t\t<\/div>\n\t\t<\/div>\n\t\t\t\t\t<\/div>\n\t\t<\/section>\n\t\t\t\t<section class=\"elementor-section elementor-inner-section elementor-element elementor-element-890adc6 elementor-section-boxed elementor-section-height-default elementor-section-height-default\" data-id=\"890adc6\" data-element_type=\"section\" data-settings=\"{&quot;_ha_eqh_enable&quot;:false}\">\n\t\t\t\t\t\t<div class=\"elementor-container elementor-column-gap-default\">\n\t\t\t\t\t<div class=\"elementor-column elementor-col-100 elementor-inner-column elementor-element elementor-element-9c2036c\" data-id=\"9c2036c\" data-element_type=\"column\">\n\t\t\t<div class=\"elementor-widget-wrap elementor-element-populated\">\n\t\t\t\t\t\t<div class=\"elementor-element elementor-element-1a1b281 elementor-widget elementor-widget-heading\" data-id=\"1a1b281\" data-element_type=\"widget\" data-widget_type=\"heading.default\">\n\t\t\t\t<div class=\"elementor-widget-container\">\n\t\t\t<h3 class=\"elementor-heading-title elementor-size-default\">Is hair care aftercare important?<\/h3>\t\t<\/div>\n\t\t\t\t<\/div>\n\t\t\t\t<div class=\"elementor-element elementor-element-cfecce9 ha-has-bg-overlay elementor-widget elementor-widget-text-editor\" data-id=\"cfecce9\" data-element_type=\"widget\" data-widget_type=\"text-editor.default\">\n\t\t\t\t<div class=\"elementor-widget-container\">\n\t\t\t\t\t\t\t<p>It&#039;s important, it determines the final result, if you&#039;ve taken the time to spend money to repair\nyour hair then it&#039;s necessary. Hair transplantation gives a permanent solution, but aftercare\ncan improve the result further, and aftercare will leave hair with thicker strands and thicker\nhair that helps to cover the scalp.<\/p>\t\t\t\t\t\t<\/div>\n\t\t\t\t<\/div>\n\t\t\t\t\t<\/div>\n\t\t<\/div>\n\t\t\t\t\t<\/div>\n\t\t<\/section>\n\t\t\t\t<section class=\"elementor-section elementor-inner-section elementor-element elementor-element-695e3f5 elementor-section-boxed elementor-section-height-default elementor-section-height-default\" data-id=\"695e3f5\" data-element_type=\"section\" data-settings=\"{&quot;_ha_eqh_enable&quot;:false}\">\n\t\t\t\t\t\t<div class=\"elementor-container elementor-column-gap-default\">\n\t\t\t\t\t<div class=\"elementor-column elementor-col-100 elementor-inner-column elementor-element elementor-element-384e64b\" data-id=\"384e64b\" data-element_type=\"column\">\n\t\t\t<div class=\"elementor-widget-wrap elementor-element-populated\">\n\t\t\t\t\t\t<div class=\"elementor-element elementor-element-36f6dcc elementor-widget elementor-widget-heading\" data-id=\"36f6dcc\" data-element_type=\"widget\" data-widget_type=\"heading.default\">\n\t\t\t\t<div class=\"elementor-widget-container\">\n\t\t\t<h3 class=\"elementor-heading-title elementor-size-default\">Can the bald area spread further in the future?<\/h3>\t\t<\/div>\n\t\t\t\t<\/div>\n\t\t\t\t<div class=\"elementor-element elementor-element-761a34f ha-has-bg-overlay elementor-widget elementor-widget-text-editor\" data-id=\"761a34f\" data-element_type=\"widget\" data-widget_type=\"text-editor.default\">\n\t\t\t\t<div class=\"elementor-widget-container\">\n\t\t\t\t\t\t\t<p>The transplanted hairs will remain permanently, but unfortunately the natural balding process\nin other areas will not be affected. However, the good news is that the procedure can be\nrepeated for areas that start to thin out later. If you think you have such a problem we\nrecommend our hair preservation programme for the thinning area. <b>To prevent trouble, start\nnow.<\/b><\/p>\t\t\t\t\t\t<\/div>\n\t\t\t\t<\/div>\n\t\t\t\t\t<\/div>\n\t\t<\/div>\n\t\t\t\t\t<\/div>\n\t\t<\/section>\n\t\t\t\t\t<\/div>\n\t\t<\/div>\n\t\t\t\t\t<\/div>\n\t\t<\/section>\n\t\t\t\t<\/div>","protected":false},"excerpt":{"rendered":"<p>Szolg\u00e1ltat\u00e1sok Gyakran Ism\u00e9telt K\u00e9rd\u00e9sek K\u00e9rd\u00e9sek \u00e9s v\u00e1laszok Mennyire f\u00e1j a be\u00fcltet\u00e9s? A hajbe\u00fcltet\u00e9s el\u0151tt helyi \u00e9rz\u00e9stelen\u00edt\u00e9st kap injekci\u00f3 form\u00e1j\u00e1ban, mely kellemetlen, \u00e1m ezut\u00e1n nem \u00e9rez f\u00e1jdalmat. Persze az emberek f\u00e1jdalomk\u00fcsz\u00f6be m\u00e1s \u00e9s m\u00e1s, de \u00e1ltal\u00e1noss\u00e1gban elmondhat\u00f3, hogy az \u00e9rz\u00e9stelen\u00edt\u00e9snek k\u00f6sz\u00f6nhet\u0151en a m\u0171t\u00e9t alatt nem \u00e9rez f\u00e1jdalmat, ink\u00e1bb csak egy kis nyom\u00e1st. Mikor lehet munk\u00e1ba \u00e1llni [&hellip;]<\/p>","protected":false},"author":1,"featured_media":0,"parent":0,"menu_order":0,"comment_status":"closed","ping_status":"closed","template":"","meta":{"footnotes":""},"class_list":["post-1032","page","type-page","status-publish","hentry"],"yoast_head":"<!-- This site is optimized with the Yoast SEO plugin v23.9 - https:\/\/yoast.com\/wordpress\/plugins\/seo\/ -->\n<title>GY.I.K. - Professional Hair<\/title>\n<meta name=\"robots\" content=\"index, follow, max-snippet:-1, max-image-preview:large, max-video-preview:-1\" \/>\n<link rel=\"canonical\" href=\"https:\/\/professionalhair.hu\/en\/gyik\/\" \/>\n<meta property=\"og:locale\" content=\"en_US\" \/>\n<meta property=\"og:type\" content=\"article\" \/>\n<meta property=\"og:title\" content=\"GY.I.K. - Professional Hair\" \/>\n<meta property=\"og:description\" content=\"Szolg\u00e1ltat\u00e1sok Gyakran Ism\u00e9telt K\u00e9rd\u00e9sek K\u00e9rd\u00e9sek \u00e9s v\u00e1laszok Mennyire f\u00e1j a be\u00fcltet\u00e9s? A hajbe\u00fcltet\u00e9s el\u0151tt helyi \u00e9rz\u00e9stelen\u00edt\u00e9st kap injekci\u00f3 form\u00e1j\u00e1ban, mely kellemetlen, \u00e1m ezut\u00e1n nem \u00e9rez f\u00e1jdalmat. Persze az emberek f\u00e1jdalomk\u00fcsz\u00f6be m\u00e1s \u00e9s m\u00e1s, de \u00e1ltal\u00e1noss\u00e1gban elmondhat\u00f3, hogy az \u00e9rz\u00e9stelen\u00edt\u00e9snek k\u00f6sz\u00f6nhet\u0151en a m\u0171t\u00e9t alatt nem \u00e9rez f\u00e1jdalmat, ink\u00e1bb csak egy kis nyom\u00e1st. Mikor lehet munk\u00e1ba \u00e1llni [&hellip;]\" \/>\n<meta property=\"og:url\" content=\"https:\/\/professionalhair.hu\/en\/gyik\/\" \/>\n<meta property=\"og:site_name\" content=\"Professional Hair\" \/>\n<meta property=\"article:publisher\" content=\"https:\/\/www.facebook.com\/professionalhairbudapest\" \/>\n<meta property=\"article:modified_time\" content=\"2022-10-11T10:44:39+00:00\" \/>\n<meta name=\"twitter:card\" content=\"summary_large_image\" \/>\n<meta name=\"twitter:label1\" content=\"Est. reading time\" \/>\n\t<meta name=\"twitter:data1\" content=\"2 minutes\" \/>\n<script type=\"application\/ld+json\" class=\"yoast-schema-graph\">{\"@context\":\"https:\/\/schema.org\",\"@graph\":[{\"@type\":\"WebPage\",\"@id\":\"https:\/\/professionalhair.hu\/gyik\/\",\"url\":\"https:\/\/professionalhair.hu\/gyik\/\",\"name\":\"GY.I.K. - Professional Hair\",\"isPartOf\":{\"@id\":\"https:\/\/professionalhair.hu\/#website\"},\"datePublished\":\"2022-05-30T10:44:33+00:00\",\"dateModified\":\"2022-10-11T10:44:39+00:00\",\"breadcrumb\":{\"@id\":\"https:\/\/professionalhair.hu\/gyik\/#breadcrumb\"},\"inLanguage\":\"en-US\",\"potentialAction\":[{\"@type\":\"ReadAction\",\"target\":[\"https:\/\/professionalhair.hu\/gyik\/\"]}]},{\"@type\":\"BreadcrumbList\",\"@id\":\"https:\/\/professionalhair.hu\/gyik\/#breadcrumb\",\"itemListElement\":[{\"@type\":\"ListItem\",\"position\":1,\"name\":\"Kezd\u0151lap\",\"item\":\"https:\/\/professionalhair.hu\/\"},{\"@type\":\"ListItem\",\"position\":2,\"name\":\"GY.I.K.\"}]},{\"@type\":\"WebSite\",\"@id\":\"https:\/\/professionalhair.hu\/#website\",\"url\":\"https:\/\/professionalhair.hu\/\",\"name\":\"Professional Hair\",\"description\":\"Hajbe\u00fcltet\u00e9s Budapest\",\"publisher\":{\"@id\":\"https:\/\/professionalhair.hu\/#organization\"},\"potentialAction\":[{\"@type\":\"SearchAction\",\"target\":{\"@type\":\"EntryPoint\",\"urlTemplate\":\"https:\/\/professionalhair.hu\/?s={search_term_string}\"},\"query-input\":{\"@type\":\"PropertyValueSpecification\",\"valueRequired\":true,\"valueName\":\"search_term_string\"}}],\"inLanguage\":\"en-US\"},{\"@type\":\"Organization\",\"@id\":\"https:\/\/professionalhair.hu\/#organization\",\"name\":\"Professional Hair\",\"url\":\"https:\/\/professionalhair.hu\/\",\"logo\":{\"@type\":\"ImageObject\",\"inLanguage\":\"en-US\",\"@id\":\"https:\/\/professionalhair.hu\/#\/schema\/logo\/image\/\",\"url\":\"https:\/\/professionalhair.hu\/wp-content\/uploads\/2022\/05\/logo_footer.webp\",\"contentUrl\":\"https:\/\/professionalhair.hu\/wp-content\/uploads\/2022\/05\/logo_footer.webp\",\"width\":263,\"height\":60,\"caption\":\"Professional Hair\"},\"image\":{\"@id\":\"https:\/\/professionalhair.hu\/#\/schema\/logo\/image\/\"},\"sameAs\":[\"https:\/\/www.facebook.com\/professionalhairbudapest\",\"https:\/\/www.youtube.com\/channel\/UC3yW-vWCddUuRSs6cormhjA\",\"https:\/\/www.instagram.com\/professionalhairbudapest\/\"]}]}<\/script>\n<!-- \/ Yoast SEO plugin. -->","yoast_head_json":{"title":"GY.I.K. - Professional Hair","robots":{"index":"index","follow":"follow","max-snippet":"max-snippet:-1","max-image-preview":"max-image-preview:large","max-video-preview":"max-video-preview:-1"},"canonical":"https:\/\/professionalhair.hu\/en\/gyik\/","og_locale":"en_US","og_type":"article","og_title":"GY.I.K. - Professional Hair","og_description":"Szolg\u00e1ltat\u00e1sok Gyakran Ism\u00e9telt K\u00e9rd\u00e9sek K\u00e9rd\u00e9sek \u00e9s v\u00e1laszok Mennyire f\u00e1j a be\u00fcltet\u00e9s? A hajbe\u00fcltet\u00e9s el\u0151tt helyi \u00e9rz\u00e9stelen\u00edt\u00e9st kap injekci\u00f3 form\u00e1j\u00e1ban, mely kellemetlen, \u00e1m ezut\u00e1n nem \u00e9rez f\u00e1jdalmat. Persze az emberek f\u00e1jdalomk\u00fcsz\u00f6be m\u00e1s \u00e9s m\u00e1s, de \u00e1ltal\u00e1noss\u00e1gban elmondhat\u00f3, hogy az \u00e9rz\u00e9stelen\u00edt\u00e9snek k\u00f6sz\u00f6nhet\u0151en a m\u0171t\u00e9t alatt nem \u00e9rez f\u00e1jdalmat, ink\u00e1bb csak egy kis nyom\u00e1st. Mikor lehet munk\u00e1ba \u00e1llni [&hellip;]","og_url":"https:\/\/professionalhair.hu\/en\/gyik\/","og_site_name":"Professional Hair","article_publisher":"https:\/\/www.facebook.com\/professionalhairbudapest","article_modified_time":"2022-10-11T10:44:39+00:00","twitter_card":"summary_large_image","twitter_misc":{"Est. reading time":"2 minutes"},"schema":{"@context":"https:\/\/schema.org","@graph":[{"@type":"WebPage","@id":"https:\/\/professionalhair.hu\/gyik\/","url":"https:\/\/professionalhair.hu\/gyik\/","name":"GY.I.K. - Professional Hair","isPartOf":{"@id":"https:\/\/professionalhair.hu\/#website"},"datePublished":"2022-05-30T10:44:33+00:00","dateModified":"2022-10-11T10:44:39+00:00","breadcrumb":{"@id":"https:\/\/professionalhair.hu\/gyik\/#breadcrumb"},"inLanguage":"en-US","potentialAction":[{"@type":"ReadAction","target":["https:\/\/professionalhair.hu\/gyik\/"]}]},{"@type":"BreadcrumbList","@id":"https:\/\/professionalhair.hu\/gyik\/#breadcrumb","itemListElement":[{"@type":"ListItem","position":1,"name":"Kezd\u0151lap","item":"https:\/\/professionalhair.hu\/"},{"@type":"ListItem","position":2,"name":"GY.I.K."}]},{"@type":"WebSite","@id":"https:\/\/professionalhair.hu\/#website","url":"https:\/\/professionalhair.hu\/","name":"Professional Hair","description":"Hajbe\u00fcltet\u00e9s Budapest","publisher":{"@id":"https:\/\/professionalhair.hu\/#organization"},"potentialAction":[{"@type":"SearchAction","target":{"@type":"EntryPoint","urlTemplate":"https:\/\/professionalhair.hu\/?s={search_term_string}"},"query-input":{"@type":"PropertyValueSpecification","valueRequired":true,"valueName":"search_term_string"}}],"inLanguage":"en-US"},{"@type":"Organization","@id":"https:\/\/professionalhair.hu\/#organization","name":"Professional Hair","url":"https:\/\/professionalhair.hu\/","logo":{"@type":"ImageObject","inLanguage":"en-US","@id":"https:\/\/professionalhair.hu\/#\/schema\/logo\/image\/","url":"https:\/\/professionalhair.hu\/wp-content\/uploads\/2022\/05\/logo_footer.webp","contentUrl":"https:\/\/professionalhair.hu\/wp-content\/uploads\/2022\/05\/logo_footer.webp","width":263,"height":60,"caption":"Professional Hair"},"image":{"@id":"https:\/\/professionalhair.hu\/#\/schema\/logo\/image\/"},"sameAs":["https:\/\/www.facebook.com\/professionalhairbudapest","https:\/\/www.youtube.com\/channel\/UC3yW-vWCddUuRSs6cormhjA","https:\/\/www.instagram.com\/professionalhairbudapest\/"]}]}},"_links":{"self":[{"href":"https:\/\/professionalhair.hu\/en\/wp-json\/wp\/v2\/pages\/1032","targetHints":{"allow":["GET"]}}],"collection":[{"href":"https:\/\/professionalhair.hu\/en\/wp-json\/wp\/v2\/pages"}],"about":[{"href":"https:\/\/professionalhair.hu\/en\/wp-json\/wp\/v2\/types\/page"}],"author":[{"embeddable":true,"href":"https:\/\/professionalhair.hu\/en\/wp-json\/wp\/v2\/users\/1"}],"replies":[{"embeddable":true,"href":"https:\/\/professionalhair.hu\/en\/wp-json\/wp\/v2\/comments?post=1032"}],"version-history":[{"count":0,"href":"https:\/\/professionalhair.hu\/en\/wp-json\/wp\/v2\/pages\/1032\/revisions"}],"wp:attachment":[{"href":"https:\/\/professionalhair.hu\/en\/wp-json\/wp\/v2\/media?parent=1032"}],"curies":[{"name":"wp","href":"https:\/\/api.w.org\/{rel}","templated":true}]}}