{"id":1043,"date":"2022-05-30T12:07:00","date_gmt":"2022-05-30T12:07:00","guid":{"rendered":"https:\/\/new.professionalhair.hu\/?page_id=1043"},"modified":"2024-11-21T10:27:46","modified_gmt":"2024-11-21T09:27:46","slug":"szemelyes-konzultacio","status":"publish","type":"page","link":"https:\/\/professionalhair.hu\/en\/szemelyes-konzultacio\/","title":{"rendered":"Free hair condition assessment"},"content":{"rendered":"<div data-elementor-type=\"wp-page\" data-elementor-id=\"1043\" class=\"elementor elementor-1043\" data-elementor-post-type=\"page\">\n\t\t\t\t\t\t<section class=\"elementor-section elementor-top-section elementor-element elementor-element-71977fa elementor-section-boxed elementor-section-height-default elementor-section-height-default\" data-id=\"71977fa\" data-element_type=\"section\" data-settings=\"{&quot;_ha_eqh_enable&quot;:false}\">\n\t\t\t\t\t\t<div class=\"elementor-container elementor-column-gap-default\">\n\t\t\t\t\t<div class=\"elementor-column elementor-col-100 elementor-top-column elementor-element elementor-element-6711bf4\" data-id=\"6711bf4\" data-element_type=\"column\">\n\t\t\t<div class=\"elementor-widget-wrap elementor-element-populated\">\n\t\t\t\t\t\t<div class=\"elementor-element elementor-element-b0549b4 elementor-widget elementor-widget-text-editor\" data-id=\"b0549b4\" data-element_type=\"widget\" data-widget_type=\"text-editor.default\">\n\t\t\t\t<div class=\"elementor-widget-container\">\n\t\t\t\t\t\t\t<p>OUR SERVICES<\/p>\t\t\t\t\t\t<\/div>\n\t\t\t\t<\/div>\n\t\t\t\t<div class=\"elementor-element elementor-element-d73821e elementor-widget elementor-widget-heading\" data-id=\"d73821e\" data-element_type=\"widget\" data-widget_type=\"heading.default\">\n\t\t\t\t<div class=\"elementor-widget-container\">\n\t\t\t<h3 class=\"elementor-heading-title elementor-size-default\">Free hair condition assessment<\/h3>\t\t<\/div>\n\t\t\t\t<\/div>\n\t\t\t\t\t<\/div>\n\t\t<\/div>\n\t\t\t\t\t<\/div>\n\t\t<\/section>\n\t\t\t\t<section class=\"elementor-section elementor-top-section elementor-element elementor-element-70dbf6e elementor-section-boxed elementor-section-height-default elementor-section-height-default\" data-id=\"70dbf6e\" data-element_type=\"section\" data-settings=\"{&quot;_ha_eqh_enable&quot;:false}\">\n\t\t\t\t\t\t<div class=\"elementor-container elementor-column-gap-wider\">\n\t\t\t\t\t<div class=\"elementor-column elementor-col-50 elementor-top-column elementor-element elementor-element-75c4945\" data-id=\"75c4945\" data-element_type=\"column\">\n\t\t\t<div class=\"elementor-widget-wrap elementor-element-populated\">\n\t\t\t\t\t\t<div class=\"elementor-element elementor-element-405b750 elementor-widget elementor-widget-heading\" data-id=\"405b750\" data-element_type=\"widget\" data-widget_type=\"heading.default\">\n\t\t\t\t<div class=\"elementor-widget-container\">\n\t\t\t<h1 class=\"elementor-heading-title elementor-size-default\">HAIR CONDITION ASSESSMENT BY A SPECIALIST CONSULTING DOCTOR.<\/h1>\t\t<\/div>\n\t\t\t\t<\/div>\n\t\t\t\t<div class=\"elementor-element elementor-element-3870b09 elementor-widget elementor-widget-text-editor\" data-id=\"3870b09\" data-element_type=\"widget\" data-widget_type=\"text-editor.default\">\n\t\t\t\t<div class=\"elementor-widget-container\">\n\t\t\t\t\t\t\t<p><span style=\"font-size: 1rem;\">After<\/span><span style=\"font-size: 1rem;\">\u00a0has accompanied the client to the\nappointment, the 20-minute consultation starts. <\/span><strong style=\"font-size: 1rem;\">Gabriella B\u00edr\u00f3, consultant,<\/strong><span style=\"font-size: 1rem;\">and one of our <\/span><strong style=\"font-size: 1rem;\">specialist doctors<\/strong><span style=\"font-size: 1rem;\"> will answer any questions you may have.\u00a0<\/span>On the basis of the examination\nand the condition of the hair, a recommendation for restoration is made. If hair\ntransplantation is recommended, information is given not only on the number of hair pieces\nto be transplanted, but also on the procedure, the course of the operation and what to do after\nthe operation.<\/p>\t\t\t\t\t\t<\/div>\n\t\t\t\t<\/div>\n\t\t\t\t<div class=\"elementor-element elementor-element-645eb7a elementor-align-center elementor-hidden-tablet elementor-hidden-mobile elementor-widget elementor-widget-button\" data-id=\"645eb7a\" data-element_type=\"widget\" data-widget_type=\"button.default\">\n\t\t\t\t<div class=\"elementor-widget-container\">\n\t\t\t\t\t\t\t<div class=\"elementor-button-wrapper\">\n\t\t\t\t\t<a class=\"elementor-button elementor-button-link elementor-size-sm\" href=\"#szemelyes-konzultacio\">\n\t\t\t\t\t\t<span class=\"elementor-button-content-wrapper\">\n\t\t\t\t\t\t\t\t\t<span class=\"elementor-button-text\">Sign up for a free consultation<\/span>\n\t\t\t\t\t<\/span>\n\t\t\t\t\t<\/a>\n\t\t\t\t<\/div>\n\t\t\t\t\t\t<\/div>\n\t\t\t\t<\/div>\n\t\t\t\t<div class=\"elementor-element elementor-element-9e7d566 elementor-align-center elementor-hidden-desktop elementor-widget elementor-widget-button\" data-id=\"9e7d566\" data-element_type=\"widget\" data-widget_type=\"button.default\">\n\t\t\t\t<div class=\"elementor-widget-container\">\n\t\t\t\t\t\t\t<div class=\"elementor-button-wrapper\">\n\t\t\t\t\t<a class=\"elementor-button elementor-button-link elementor-size-sm\" href=\"#szemelyes-konzultacio\">\n\t\t\t\t\t\t<span class=\"elementor-button-content-wrapper\">\n\t\t\t\t\t\t\t\t\t<span class=\"elementor-button-text\">Sign up for a free consultation<\/span>\n\t\t\t\t\t<\/span>\n\t\t\t\t\t<\/a>\n\t\t\t\t<\/div>\n\t\t\t\t\t\t<\/div>\n\t\t\t\t<\/div>\n\t\t\t\t\t<\/div>\n\t\t<\/div>\n\t\t\t\t<div class=\"elementor-column elementor-col-50 elementor-top-column elementor-element elementor-element-1c4e31a\" data-id=\"1c4e31a\" data-element_type=\"column\">\n\t\t\t<div class=\"elementor-widget-wrap elementor-element-populated\">\n\t\t\t\t\t\t<div class=\"elementor-element elementor-element-ae0f139 elementor-widget elementor-widget-image\" data-id=\"ae0f139\" data-element_type=\"widget\" data-widget_type=\"image.default\">\n\t\t\t\t<div class=\"elementor-widget-container\">\n\t\t\t\t\t\t\t\t\t\t\t\t\t<img fetchpriority=\"high\" decoding=\"async\" width=\"500\" height=\"334\" src=\"https:\/\/professionalhair.hu\/wp-content\/uploads\/2022\/05\/0267.webp\" class=\"attachment-large size-large wp-image-1046\" alt=\"\" srcset=\"https:\/\/professionalhair.hu\/wp-content\/uploads\/2022\/05\/0267.webp 500w, https:\/\/professionalhair.hu\/wp-content\/uploads\/2022\/05\/0267-300x200.webp 300w\" sizes=\"(max-width: 500px) 100vw, 500px\" \/>\t\t\t\t\t\t\t\t\t\t\t\t\t<\/div>\n\t\t\t\t<\/div>\n\t\t\t\t<div class=\"elementor-element elementor-element-23f2803 elementor-widget elementor-widget-image\" data-id=\"23f2803\" data-element_type=\"widget\" data-widget_type=\"image.default\">\n\t\t\t\t<div class=\"elementor-widget-container\">\n\t\t\t\t\t\t\t\t\t\t\t\t\t<img decoding=\"async\" width=\"800\" height=\"594\" src=\"https:\/\/professionalhair.hu\/wp-content\/uploads\/2022\/05\/Gabi-Zsofi-Muki-tablaval-1024x760.webp\" class=\"attachment-large size-large wp-image-1047\" alt=\"\" srcset=\"https:\/\/professionalhair.hu\/wp-content\/uploads\/2022\/05\/Gabi-Zsofi-Muki-tablaval-1024x760.webp 1024w, https:\/\/professionalhair.hu\/wp-content\/uploads\/2022\/05\/Gabi-Zsofi-Muki-tablaval-300x223.webp 300w, https:\/\/professionalhair.hu\/wp-content\/uploads\/2022\/05\/Gabi-Zsofi-Muki-tablaval-768x570.webp 768w, https:\/\/professionalhair.hu\/wp-content\/uploads\/2022\/05\/Gabi-Zsofi-Muki-tablaval.webp 1378w\" sizes=\"(max-width: 800px) 100vw, 800px\" \/>\t\t\t\t\t\t\t\t\t\t\t\t\t<\/div>\n\t\t\t\t<\/div>\n\t\t\t\t\t<\/div>\n\t\t<\/div>\n\t\t\t\t\t<\/div>\n\t\t<\/section>\n\t\t\t\t<section class=\"elementor-section elementor-top-section elementor-element elementor-element-eb2baba elementor-section-boxed elementor-section-height-default elementor-section-height-default\" data-id=\"eb2baba\" data-element_type=\"section\" data-settings=\"{&quot;_ha_eqh_enable&quot;:false}\">\n\t\t\t\t\t\t<div class=\"elementor-container elementor-column-gap-default\">\n\t\t\t\t\t<div class=\"elementor-column elementor-col-100 elementor-top-column elementor-element elementor-element-59bb534\" data-id=\"59bb534\" data-element_type=\"column\">\n\t\t\t<div class=\"elementor-widget-wrap elementor-element-populated\">\n\t\t\t\t\t\t<div class=\"elementor-element elementor-element-c8f061f elementor-widget elementor-widget-heading\" data-id=\"c8f061f\" data-element_type=\"widget\" data-widget_type=\"heading.default\">\n\t\t\t\t<div class=\"elementor-widget-container\">\n\t\t\t<h2 class=\"elementor-heading-title elementor-size-default\">OUR PROFESSIONAL TEAM IS WAITING FOR YOU<\/h2>\t\t<\/div>\n\t\t\t\t<\/div>\n\t\t\t\t<div class=\"elementor-element elementor-element-b15404b elementor-widget elementor-widget-image\" data-id=\"b15404b\" data-element_type=\"widget\" data-widget_type=\"image.default\">\n\t\t\t\t<div class=\"elementor-widget-container\">\n\t\t\t\t\t\t\t\t\t\t\t\t\t<img decoding=\"async\" src=\"https:\/\/new.professionalhair.hu\/wp-content\/uploads\/2022\/05\/A35A1516-retus-1536x1120-1.webp\" title=\"\" alt=\"\" loading=\"lazy\" \/>\t\t\t\t\t\t\t\t\t\t\t\t\t<\/div>\n\t\t\t\t<\/div>\n\t\t\t\t\t<\/div>\n\t\t<\/div>\n\t\t\t\t\t<\/div>\n\t\t<\/section>\n\t\t\t\t<section class=\"elementor-section elementor-top-section elementor-element elementor-element-5324136 elementor-section-boxed elementor-section-height-default elementor-section-height-default\" data-id=\"5324136\" data-element_type=\"section\" data-settings=\"{&quot;background_background&quot;:&quot;classic&quot;,&quot;_ha_eqh_enable&quot;:false}\">\n\t\t\t\t\t\t<div class=\"elementor-container elementor-column-gap-default\">\n\t\t\t\t\t<div class=\"elementor-column elementor-col-100 elementor-top-column elementor-element elementor-element-d8bc584\" data-id=\"d8bc584\" data-element_type=\"column\">\n\t\t\t<div class=\"elementor-widget-wrap elementor-element-populated\">\n\t\t\t\t\t\t<div class=\"elementor-element elementor-element-a5de0b7 elementor-widget elementor-widget-heading\" data-id=\"a5de0b7\" data-element_type=\"widget\" data-widget_type=\"heading.default\">\n\t\t\t\t<div class=\"elementor-widget-container\">\n\t\t\t<h2 class=\"elementor-heading-title elementor-size-default\">F.A.Q.<\/h2>\t\t<\/div>\n\t\t\t\t<\/div>\n\t\t\t\t<section class=\"elementor-section elementor-inner-section elementor-element elementor-element-1b74132 elementor-section-boxed elementor-section-height-default elementor-section-height-default\" data-id=\"1b74132\" data-element_type=\"section\" data-settings=\"{&quot;_ha_eqh_enable&quot;:false}\">\n\t\t\t\t\t\t<div class=\"elementor-container elementor-column-gap-default\">\n\t\t\t\t\t<div class=\"elementor-column elementor-col-100 elementor-inner-column elementor-element elementor-element-37d920a\" data-id=\"37d920a\" data-element_type=\"column\">\n\t\t\t<div class=\"elementor-widget-wrap elementor-element-populated\">\n\t\t\t\t\t\t<div class=\"elementor-element elementor-element-3c0bfb5 elementor-widget elementor-widget-heading\" data-id=\"3c0bfb5\" data-element_type=\"widget\" data-widget_type=\"heading.default\">\n\t\t\t\t<div class=\"elementor-widget-container\">\n\t\t\t<h3 class=\"elementor-heading-title elementor-size-default\">I live in the countryside \/ abroad...<\/h3>\t\t<\/div>\n\t\t\t\t<\/div>\n\t\t\t\t<div class=\"elementor-element elementor-element-b59b1c9 ha-has-bg-overlay elementor-widget elementor-widget-text-editor\" data-id=\"b59b1c9\" data-element_type=\"widget\" data-widget_type=\"text-editor.default\">\n\t\t\t\t<div class=\"elementor-widget-container\">\n\t\t\t\t\t\t\t<p>If you live in the countryside or abroad, you can send us photos and we can consult you by phone.<\/p>\t\t\t\t\t\t<\/div>\n\t\t\t\t<\/div>\n\t\t\t\t\t<\/div>\n\t\t<\/div>\n\t\t\t\t\t<\/div>\n\t\t<\/section>\n\t\t\t\t<section class=\"elementor-section elementor-inner-section elementor-element elementor-element-63671dc elementor-section-boxed elementor-section-height-default elementor-section-height-default\" data-id=\"63671dc\" data-element_type=\"section\" data-settings=\"{&quot;_ha_eqh_enable&quot;:false}\">\n\t\t\t\t\t\t<div class=\"elementor-container elementor-column-gap-default\">\n\t\t\t\t\t<div class=\"elementor-column elementor-col-100 elementor-inner-column elementor-element elementor-element-1e4bc06\" data-id=\"1e4bc06\" data-element_type=\"column\">\n\t\t\t<div class=\"elementor-widget-wrap elementor-element-populated\">\n\t\t\t\t\t\t<div class=\"elementor-element elementor-element-aa93eba elementor-widget elementor-widget-heading\" data-id=\"aa93eba\" data-element_type=\"widget\" data-widget_type=\"heading.default\">\n\t\t\t\t<div class=\"elementor-widget-container\">\n\t\t\t<h3 class=\"elementor-heading-title elementor-size-default\">How long does the consultation take?<\/h3>\t\t<\/div>\n\t\t\t\t<\/div>\n\t\t\t\t<div class=\"elementor-element elementor-element-beb5fa1 ha-has-bg-overlay elementor-widget elementor-widget-text-editor\" data-id=\"beb5fa1\" data-element_type=\"widget\" data-widget_type=\"text-editor.default\">\n\t\t\t\t<div class=\"elementor-widget-container\">\n\t\t\t\t\t\t\t<p class=\" translation-block\">Allow about 20-25 minutes, depending on how many questions you have.<\/p>\t\t\t\t\t\t<\/div>\n\t\t\t\t<\/div>\n\t\t\t\t\t<\/div>\n\t\t<\/div>\n\t\t\t\t\t<\/div>\n\t\t<\/section>\n\t\t\t\t<section class=\"elementor-section elementor-inner-section elementor-element elementor-element-62a6cf9 elementor-section-boxed elementor-section-height-default elementor-section-height-default\" data-id=\"62a6cf9\" data-element_type=\"section\" data-settings=\"{&quot;_ha_eqh_enable&quot;:false}\">\n\t\t\t\t\t\t<div class=\"elementor-container elementor-column-gap-default\">\n\t\t\t\t\t<div class=\"elementor-column elementor-col-100 elementor-inner-column elementor-element elementor-element-5b22445\" data-id=\"5b22445\" data-element_type=\"column\">\n\t\t\t<div class=\"elementor-widget-wrap elementor-element-populated\">\n\t\t\t\t\t\t<div class=\"elementor-element elementor-element-2a88882 elementor-widget elementor-widget-heading\" data-id=\"2a88882\" data-element_type=\"widget\" data-widget_type=\"heading.default\">\n\t\t\t\t<div class=\"elementor-widget-container\">\n\t\t\t<h3 class=\"elementor-heading-title elementor-size-default\">When can I make an appointment?<\/h3>\t\t<\/div>\n\t\t\t\t<\/div>\n\t\t\t\t<div class=\"elementor-element elementor-element-270824a ha-has-bg-overlay elementor-widget elementor-widget-text-editor\" data-id=\"270824a\" data-element_type=\"widget\" data-widget_type=\"text-editor.default\">\n\t\t\t\t<div class=\"elementor-widget-container\">\n\t\t\t\t\t\t\t<p>We can usually arrange a consultation within a few days.<\/p>\t\t\t\t\t\t<\/div>\n\t\t\t\t<\/div>\n\t\t\t\t\t<\/div>\n\t\t<\/div>\n\t\t\t\t\t<\/div>\n\t\t<\/section>\n\t\t\t\t\t<\/div>\n\t\t<\/div>\n\t\t\t\t\t<\/div>\n\t\t<\/section>\n\t\t\t\t<\/div>","protected":false},"excerpt":{"rendered":"<p>Szolg\u00e1ltat\u00e1sok Ingyenes haj\u00e1llapot felm\u00e9r\u00e9s A HAJ-\u00c1LLAPOT FELM\u00c9R\u00c9ST SZAKSPECIALISTA KONZULT\u00c1CI\u00d3S ORVOS V\u00c9GZI. Miut\u00e1n\u00a0\u00fcgyf\u00e9lkapcsolati munkat\u00e1rsunk bek\u00eds\u00e9rte az id\u0151pontra \u00e9rkez\u0151 \u00e9rdekl\u0151d\u0151t, a kb.20 perces konzult\u00e1ci\u00f3 ezut\u00e1n kezd\u0151dik. B\u00edr\u00f3 Gabriella konzulens, \u00e9s az egyik szakspecialista orvosunk minden felmer\u00fclt k\u00e9rd\u00e9sre v\u00e1laszol.\u00a0A vizsg\u00e1lat \u00e9s a haj \u00e1llapota alapj\u00e1n javaslatot tesznek a helyre\u00e1ll\u00edt\u00e1sra vonatkoz\u00f3an. Amennyiben a hajbe\u00fcltet\u00e9s aj\u00e1nlott, nemcsak az \u00e1t\u00fcltetend\u0151 hajsz\u00e1l [&hellip;]<\/p>","protected":false},"author":1,"featured_media":0,"parent":0,"menu_order":0,"comment_status":"closed","ping_status":"closed","template":"","meta":{"footnotes":""},"class_list":["post-1043","page","type-page","status-publish","hentry"],"yoast_head":"<!-- This site is optimized with the Yoast SEO plugin v23.9 - https:\/\/yoast.com\/wordpress\/plugins\/seo\/ -->\n<title>Ingyenes haj\u00e1llapot felm\u00e9r\u00e9s - Professional Hair<\/title>\n<meta name=\"robots\" content=\"index, follow, max-snippet:-1, max-image-preview:large, max-video-preview:-1\" \/>\n<link rel=\"canonical\" href=\"https:\/\/professionalhair.hu\/en\/szemelyes-konzultacio\/\" \/>\n<meta property=\"og:locale\" content=\"en_US\" \/>\n<meta property=\"og:type\" content=\"article\" \/>\n<meta property=\"og:title\" content=\"Ingyenes haj\u00e1llapot felm\u00e9r\u00e9s - Professional Hair\" \/>\n<meta property=\"og:description\" content=\"Szolg\u00e1ltat\u00e1sok Ingyenes haj\u00e1llapot felm\u00e9r\u00e9s A HAJ-\u00c1LLAPOT FELM\u00c9R\u00c9ST SZAKSPECIALISTA KONZULT\u00c1CI\u00d3S ORVOS V\u00c9GZI. Miut\u00e1n\u00a0\u00fcgyf\u00e9lkapcsolati munkat\u00e1rsunk bek\u00eds\u00e9rte az id\u0151pontra \u00e9rkez\u0151 \u00e9rdekl\u0151d\u0151t, a kb.20 perces konzult\u00e1ci\u00f3 ezut\u00e1n kezd\u0151dik. B\u00edr\u00f3 Gabriella konzulens, \u00e9s az egyik szakspecialista orvosunk minden felmer\u00fclt k\u00e9rd\u00e9sre v\u00e1laszol.\u00a0A vizsg\u00e1lat \u00e9s a haj \u00e1llapota alapj\u00e1n javaslatot tesznek a helyre\u00e1ll\u00edt\u00e1sra vonatkoz\u00f3an. Amennyiben a hajbe\u00fcltet\u00e9s aj\u00e1nlott, nemcsak az \u00e1t\u00fcltetend\u0151 hajsz\u00e1l [&hellip;]\" \/>\n<meta property=\"og:url\" content=\"https:\/\/professionalhair.hu\/en\/szemelyes-konzultacio\/\" \/>\n<meta property=\"og:site_name\" content=\"Professional Hair\" \/>\n<meta property=\"article:publisher\" content=\"https:\/\/www.facebook.com\/professionalhairbudapest\" \/>\n<meta property=\"article:modified_time\" content=\"2024-11-21T09:27:46+00:00\" \/>\n<meta property=\"og:image\" content=\"https:\/\/professionalhair.hu\/wp-content\/uploads\/2022\/05\/0267.webp\" \/>\n\t<meta property=\"og:image:width\" content=\"500\" \/>\n\t<meta property=\"og:image:height\" content=\"334\" \/>\n\t<meta property=\"og:image:type\" content=\"image\/webp\" \/>\n<meta name=\"twitter:card\" content=\"summary_large_image\" \/>\n<meta name=\"twitter:label1\" content=\"Est. reading time\" \/>\n\t<meta name=\"twitter:data1\" content=\"2 minutes\" \/>\n<script type=\"application\/ld+json\" class=\"yoast-schema-graph\">{\"@context\":\"https:\/\/schema.org\",\"@graph\":[{\"@type\":\"WebPage\",\"@id\":\"https:\/\/professionalhair.hu\/szemelyes-konzultacio\/\",\"url\":\"https:\/\/professionalhair.hu\/szemelyes-konzultacio\/\",\"name\":\"Ingyenes haj\u00e1llapot felm\u00e9r\u00e9s - Professional Hair\",\"isPartOf\":{\"@id\":\"https:\/\/professionalhair.hu\/#website\"},\"primaryImageOfPage\":{\"@id\":\"https:\/\/professionalhair.hu\/szemelyes-konzultacio\/#primaryimage\"},\"image\":{\"@id\":\"https:\/\/professionalhair.hu\/szemelyes-konzultacio\/#primaryimage\"},\"thumbnailUrl\":\"https:\/\/professionalhair.hu\/wp-content\/uploads\/2022\/05\/0267.webp\",\"datePublished\":\"2022-05-30T12:07:00+00:00\",\"dateModified\":\"2024-11-21T09:27:46+00:00\",\"breadcrumb\":{\"@id\":\"https:\/\/professionalhair.hu\/szemelyes-konzultacio\/#breadcrumb\"},\"inLanguage\":\"en-US\",\"potentialAction\":[{\"@type\":\"ReadAction\",\"target\":[\"https:\/\/professionalhair.hu\/szemelyes-konzultacio\/\"]}]},{\"@type\":\"ImageObject\",\"inLanguage\":\"en-US\",\"@id\":\"https:\/\/professionalhair.hu\/szemelyes-konzultacio\/#primaryimage\",\"url\":\"https:\/\/professionalhair.hu\/wp-content\/uploads\/2022\/05\/0267.webp\",\"contentUrl\":\"https:\/\/professionalhair.hu\/wp-content\/uploads\/2022\/05\/0267.webp\"},{\"@type\":\"BreadcrumbList\",\"@id\":\"https:\/\/professionalhair.hu\/szemelyes-konzultacio\/#breadcrumb\",\"itemListElement\":[{\"@type\":\"ListItem\",\"position\":1,\"name\":\"Kezd\u0151lap\",\"item\":\"https:\/\/professionalhair.hu\/\"},{\"@type\":\"ListItem\",\"position\":2,\"name\":\"Ingyenes haj\u00e1llapot felm\u00e9r\u00e9s\"}]},{\"@type\":\"WebSite\",\"@id\":\"https:\/\/professionalhair.hu\/#website\",\"url\":\"https:\/\/professionalhair.hu\/\",\"name\":\"Professional Hair\",\"description\":\"Hajbe\u00fcltet\u00e9s Budapest\",\"publisher\":{\"@id\":\"https:\/\/professionalhair.hu\/#organization\"},\"potentialAction\":[{\"@type\":\"SearchAction\",\"target\":{\"@type\":\"EntryPoint\",\"urlTemplate\":\"https:\/\/professionalhair.hu\/?s={search_term_string}\"},\"query-input\":{\"@type\":\"PropertyValueSpecification\",\"valueRequired\":true,\"valueName\":\"search_term_string\"}}],\"inLanguage\":\"en-US\"},{\"@type\":\"Organization\",\"@id\":\"https:\/\/professionalhair.hu\/#organization\",\"name\":\"Professional Hair\",\"url\":\"https:\/\/professionalhair.hu\/\",\"logo\":{\"@type\":\"ImageObject\",\"inLanguage\":\"en-US\",\"@id\":\"https:\/\/professionalhair.hu\/#\/schema\/logo\/image\/\",\"url\":\"https:\/\/professionalhair.hu\/wp-content\/uploads\/2022\/05\/logo_footer.webp\",\"contentUrl\":\"https:\/\/professionalhair.hu\/wp-content\/uploads\/2022\/05\/logo_footer.webp\",\"width\":263,\"height\":60,\"caption\":\"Professional Hair\"},\"image\":{\"@id\":\"https:\/\/professionalhair.hu\/#\/schema\/logo\/image\/\"},\"sameAs\":[\"https:\/\/www.facebook.com\/professionalhairbudapest\",\"https:\/\/www.youtube.com\/channel\/UC3yW-vWCddUuRSs6cormhjA\",\"https:\/\/www.instagram.com\/professionalhairbudapest\/\"]}]}<\/script>\n<!-- \/ Yoast SEO plugin. -->","yoast_head_json":{"title":"Ingyenes haj\u00e1llapot felm\u00e9r\u00e9s - Professional Hair","robots":{"index":"index","follow":"follow","max-snippet":"max-snippet:-1","max-image-preview":"max-image-preview:large","max-video-preview":"max-video-preview:-1"},"canonical":"https:\/\/professionalhair.hu\/en\/szemelyes-konzultacio\/","og_locale":"en_US","og_type":"article","og_title":"Ingyenes haj\u00e1llapot felm\u00e9r\u00e9s - Professional Hair","og_description":"Szolg\u00e1ltat\u00e1sok Ingyenes haj\u00e1llapot felm\u00e9r\u00e9s A HAJ-\u00c1LLAPOT FELM\u00c9R\u00c9ST SZAKSPECIALISTA KONZULT\u00c1CI\u00d3S ORVOS V\u00c9GZI. Miut\u00e1n\u00a0\u00fcgyf\u00e9lkapcsolati munkat\u00e1rsunk bek\u00eds\u00e9rte az id\u0151pontra \u00e9rkez\u0151 \u00e9rdekl\u0151d\u0151t, a kb.20 perces konzult\u00e1ci\u00f3 ezut\u00e1n kezd\u0151dik. B\u00edr\u00f3 Gabriella konzulens, \u00e9s az egyik szakspecialista orvosunk minden felmer\u00fclt k\u00e9rd\u00e9sre v\u00e1laszol.\u00a0A vizsg\u00e1lat \u00e9s a haj \u00e1llapota alapj\u00e1n javaslatot tesznek a helyre\u00e1ll\u00edt\u00e1sra vonatkoz\u00f3an. Amennyiben a hajbe\u00fcltet\u00e9s aj\u00e1nlott, nemcsak az \u00e1t\u00fcltetend\u0151 hajsz\u00e1l [&hellip;]","og_url":"https:\/\/professionalhair.hu\/en\/szemelyes-konzultacio\/","og_site_name":"Professional Hair","article_publisher":"https:\/\/www.facebook.com\/professionalhairbudapest","article_modified_time":"2024-11-21T09:27:46+00:00","og_image":[{"width":500,"height":334,"url":"https:\/\/professionalhair.hu\/wp-content\/uploads\/2022\/05\/0267.webp","type":"image\/webp"}],"twitter_card":"summary_large_image","twitter_misc":{"Est. reading time":"2 minutes"},"schema":{"@context":"https:\/\/schema.org","@graph":[{"@type":"WebPage","@id":"https:\/\/professionalhair.hu\/szemelyes-konzultacio\/","url":"https:\/\/professionalhair.hu\/szemelyes-konzultacio\/","name":"Ingyenes haj\u00e1llapot felm\u00e9r\u00e9s - Professional Hair","isPartOf":{"@id":"https:\/\/professionalhair.hu\/#website"},"primaryImageOfPage":{"@id":"https:\/\/professionalhair.hu\/szemelyes-konzultacio\/#primaryimage"},"image":{"@id":"https:\/\/professionalhair.hu\/szemelyes-konzultacio\/#primaryimage"},"thumbnailUrl":"https:\/\/professionalhair.hu\/wp-content\/uploads\/2022\/05\/0267.webp","datePublished":"2022-05-30T12:07:00+00:00","dateModified":"2024-11-21T09:27:46+00:00","breadcrumb":{"@id":"https:\/\/professionalhair.hu\/szemelyes-konzultacio\/#breadcrumb"},"inLanguage":"en-US","potentialAction":[{"@type":"ReadAction","target":["https:\/\/professionalhair.hu\/szemelyes-konzultacio\/"]}]},{"@type":"ImageObject","inLanguage":"en-US","@id":"https:\/\/professionalhair.hu\/szemelyes-konzultacio\/#primaryimage","url":"https:\/\/professionalhair.hu\/wp-content\/uploads\/2022\/05\/0267.webp","contentUrl":"https:\/\/professionalhair.hu\/wp-content\/uploads\/2022\/05\/0267.webp"},{"@type":"BreadcrumbList","@id":"https:\/\/professionalhair.hu\/szemelyes-konzultacio\/#breadcrumb","itemListElement":[{"@type":"ListItem","position":1,"name":"Kezd\u0151lap","item":"https:\/\/professionalhair.hu\/"},{"@type":"ListItem","position":2,"name":"Ingyenes haj\u00e1llapot felm\u00e9r\u00e9s"}]},{"@type":"WebSite","@id":"https:\/\/professionalhair.hu\/#website","url":"https:\/\/professionalhair.hu\/","name":"Professional Hair","description":"Hajbe\u00fcltet\u00e9s Budapest","publisher":{"@id":"https:\/\/professionalhair.hu\/#organization"},"potentialAction":[{"@type":"SearchAction","target":{"@type":"EntryPoint","urlTemplate":"https:\/\/professionalhair.hu\/?s={search_term_string}"},"query-input":{"@type":"PropertyValueSpecification","valueRequired":true,"valueName":"search_term_string"}}],"inLanguage":"en-US"},{"@type":"Organization","@id":"https:\/\/professionalhair.hu\/#organization","name":"Professional Hair","url":"https:\/\/professionalhair.hu\/","logo":{"@type":"ImageObject","inLanguage":"en-US","@id":"https:\/\/professionalhair.hu\/#\/schema\/logo\/image\/","url":"https:\/\/professionalhair.hu\/wp-content\/uploads\/2022\/05\/logo_footer.webp","contentUrl":"https:\/\/professionalhair.hu\/wp-content\/uploads\/2022\/05\/logo_footer.webp","width":263,"height":60,"caption":"Professional Hair"},"image":{"@id":"https:\/\/professionalhair.hu\/#\/schema\/logo\/image\/"},"sameAs":["https:\/\/www.facebook.com\/professionalhairbudapest","https:\/\/www.youtube.com\/channel\/UC3yW-vWCddUuRSs6cormhjA","https:\/\/www.instagram.com\/professionalhairbudapest\/"]}]}},"_links":{"self":[{"href":"https:\/\/professionalhair.hu\/en\/wp-json\/wp\/v2\/pages\/1043","targetHints":{"allow":["GET"]}}],"collection":[{"href":"https:\/\/professionalhair.hu\/en\/wp-json\/wp\/v2\/pages"}],"about":[{"href":"https:\/\/professionalhair.hu\/en\/wp-json\/wp\/v2\/types\/page"}],"author":[{"embeddable":true,"href":"https:\/\/professionalhair.hu\/en\/wp-json\/wp\/v2\/users\/1"}],"replies":[{"embeddable":true,"href":"https:\/\/professionalhair.hu\/en\/wp-json\/wp\/v2\/comments?post=1043"}],"version-history":[{"count":0,"href":"https:\/\/professionalhair.hu\/en\/wp-json\/wp\/v2\/pages\/1043\/revisions"}],"wp:attachment":[{"href":"https:\/\/professionalhair.hu\/en\/wp-json\/wp\/v2\/media?parent=1043"}],"curies":[{"name":"wp","href":"https:\/\/api.w.org\/{rel}","templated":true}]}}