{"id":1330,"date":"2022-05-31T15:14:50","date_gmt":"2022-05-31T15:14:50","guid":{"rendered":"https:\/\/new.professionalhair.hu\/?page_id=1330"},"modified":"2024-07-23T17:24:10","modified_gmt":"2024-07-23T15:24:10","slug":"szolgaltatasok","status":"publish","type":"page","link":"https:\/\/professionalhair.hu\/en\/szolgaltatasok\/","title":{"rendered":"OUR SERVICES"},"content":{"rendered":"<div data-elementor-type=\"wp-page\" data-elementor-id=\"1330\" class=\"elementor elementor-1330\" data-elementor-post-type=\"page\">\n\t\t\t\t\t\t<section class=\"elementor-section elementor-top-section elementor-element elementor-element-b0bbf3d elementor-section-boxed elementor-section-height-default elementor-section-height-default\" data-id=\"b0bbf3d\" data-element_type=\"section\" data-settings=\"{&quot;_ha_eqh_enable&quot;:false}\">\n\t\t\t\t\t\t<div class=\"elementor-container elementor-column-gap-default\">\n\t\t\t\t\t<div class=\"elementor-column elementor-col-100 elementor-top-column elementor-element elementor-element-38c4d48\" data-id=\"38c4d48\" data-element_type=\"column\">\n\t\t\t<div class=\"elementor-widget-wrap elementor-element-populated\">\n\t\t\t\t\t\t<div class=\"elementor-element elementor-element-42e2eb9 elementor-widget elementor-widget-text-editor\" data-id=\"42e2eb9\" data-element_type=\"widget\" data-widget_type=\"text-editor.default\">\n\t\t\t\t<div class=\"elementor-widget-container\">\n\t\t\t\t\t\t\t<h2><strong>OUR SERVICES<\/strong><\/h2>\t\t\t\t\t\t<\/div>\n\t\t\t\t<\/div>\n\t\t\t\t\t<\/div>\n\t\t<\/div>\n\t\t\t\t\t<\/div>\n\t\t<\/section>\n\t\t\t\t<section class=\"elementor-section elementor-top-section elementor-element elementor-element-8eb89be elementor-section-boxed elementor-section-height-default elementor-section-height-default\" data-id=\"8eb89be\" data-element_type=\"section\" data-settings=\"{&quot;_ha_eqh_enable&quot;:false}\">\n\t\t\t\t\t\t<div class=\"elementor-container elementor-column-gap-default\">\n\t\t\t\t\t<div class=\"elementor-column elementor-col-100 elementor-top-column elementor-element elementor-element-9cee48a\" data-id=\"9cee48a\" data-element_type=\"column\">\n\t\t\t<div class=\"elementor-widget-wrap elementor-element-populated\">\n\t\t\t\t\t\t<div class=\"elementor-element elementor-element-ba84293 elementor-widget elementor-widget-text-editor\" data-id=\"ba84293\" data-element_type=\"widget\" data-widget_type=\"text-editor.default\">\n\t\t\t\t<div class=\"elementor-widget-container\">\n\t\t\t\t\t\t\t<p>At Professional Hair our mission is to help our clients get rid of baldness for life by using\nmedical science.<\/p><p>FUE2 technology, the basis of both male and female hair transplantation, can be used for\nbeard and eyebrow replacement.<\/p><p><strong>WE MAKE TRANSPLANTS EVEN MORE EFFECTIVE WITH PRE- AND POST-\nTREATMENTS - YOU CAN OPT FOR A MESOTHERAPY NUTRIENT BOMB TO\nMAKE YOUR HAIR EVEN THICKER AND STRONGER AFTER HAIR\nTRANSPLANTATION.<br \/><\/strong><\/p>\t\t\t\t\t\t<\/div>\n\t\t\t\t<\/div>\n\t\t\t\t\t<\/div>\n\t\t<\/div>\n\t\t\t\t\t<\/div>\n\t\t<\/section>\n\t\t\t\t<section class=\"elementor-section elementor-top-section elementor-element elementor-element-532ce6e elementor-section-boxed elementor-section-height-default elementor-section-height-default\" data-id=\"532ce6e\" data-element_type=\"section\" data-settings=\"{&quot;_ha_eqh_enable&quot;:false}\">\n\t\t\t\t\t\t<div class=\"elementor-container elementor-column-gap-default\">\n\t\t\t\t\t<div class=\"elementor-column elementor-col-33 elementor-top-column elementor-element elementor-element-17deadb\" data-id=\"17deadb\" data-element_type=\"column\">\n\t\t\t<div class=\"elementor-widget-wrap elementor-element-populated\">\n\t\t\t\t\t\t<div class=\"elementor-element elementor-element-7061ca2 elementor-position-top ha-has-bg-overlay elementor-widget elementor-widget-image-box\" data-id=\"7061ca2\" data-element_type=\"widget\" data-widget_type=\"image-box.default\">\n\t\t\t\t<div class=\"elementor-widget-container\">\n\t\t\t<div class=\"elementor-image-box-wrapper\"><figure class=\"elementor-image-box-img\"><a href=\"\/en\/hajbeultetes-ferfiaknak\/\" tabindex=\"-1\"><img fetchpriority=\"high\" decoding=\"async\" width=\"632\" height=\"637\" src=\"https:\/\/professionalhair.hu\/wp-content\/uploads\/2022\/05\/img_ferfihajbeultetes.webp\" class=\"attachment-full size-full wp-image-368\" alt=\"\" srcset=\"https:\/\/professionalhair.hu\/wp-content\/uploads\/2022\/05\/img_ferfihajbeultetes.webp 632w, https:\/\/professionalhair.hu\/wp-content\/uploads\/2022\/05\/img_ferfihajbeultetes-298x300.webp 298w, https:\/\/professionalhair.hu\/wp-content\/uploads\/2022\/05\/img_ferfihajbeultetes-150x150.webp 150w\" sizes=\"(max-width: 632px) 100vw, 632px\" \/><\/a><\/figure><div class=\"elementor-image-box-content\"><h3 class=\"elementor-image-box-title\"><a href=\"\/en\/hajbeultetes-ferfiaknak\/\">MEN<\/a><\/h3><p class=\"elementor-image-box-description\">HAIR TRANSPLANT<\/p><\/div><\/div>\t\t<\/div>\n\t\t\t\t<\/div>\n\t\t\t\t\t<\/div>\n\t\t<\/div>\n\t\t\t\t<div class=\"elementor-column elementor-col-33 elementor-top-column elementor-element elementor-element-f666456\" data-id=\"f666456\" data-element_type=\"column\">\n\t\t\t<div class=\"elementor-widget-wrap elementor-element-populated\">\n\t\t\t\t\t\t<div class=\"elementor-element elementor-element-deca8a8 elementor-position-top ha-has-bg-overlay elementor-widget elementor-widget-image-box\" data-id=\"deca8a8\" data-element_type=\"widget\" data-widget_type=\"image-box.default\">\n\t\t\t\t<div class=\"elementor-widget-container\">\n\t\t\t<div class=\"elementor-image-box-wrapper\"><figure class=\"elementor-image-box-img\"><a href=\"\/en\/hajbeultetes-noknek\/\" tabindex=\"-1\"><img decoding=\"async\" width=\"350\" height=\"353\" src=\"https:\/\/professionalhair.hu\/wp-content\/uploads\/2022\/05\/img_noihajbeultetes.webp\" class=\"attachment-full size-full wp-image-366\" alt=\"\" srcset=\"https:\/\/professionalhair.hu\/wp-content\/uploads\/2022\/05\/img_noihajbeultetes.webp 350w, https:\/\/professionalhair.hu\/wp-content\/uploads\/2022\/05\/img_noihajbeultetes-297x300.webp 297w, https:\/\/professionalhair.hu\/wp-content\/uploads\/2022\/05\/img_noihajbeultetes-150x150.webp 150w\" sizes=\"(max-width: 350px) 100vw, 350px\" \/><\/a><\/figure><div class=\"elementor-image-box-content\"><h3 class=\"elementor-image-box-title\"><a href=\"\/en\/hajbeultetes-noknek\/\">WOMEN<\/a><\/h3><p class=\"elementor-image-box-description\">HAIR TRANSPLANT<\/p><\/div><\/div>\t\t<\/div>\n\t\t\t\t<\/div>\n\t\t\t\t\t<\/div>\n\t\t<\/div>\n\t\t\t\t<div class=\"elementor-column elementor-col-33 elementor-top-column elementor-element elementor-element-ee465e1\" data-id=\"ee465e1\" data-element_type=\"column\">\n\t\t\t<div class=\"elementor-widget-wrap elementor-element-populated\">\n\t\t\t\t\t\t<div class=\"elementor-element elementor-element-3facf4c elementor-position-top ha-has-bg-overlay elementor-widget elementor-widget-image-box\" data-id=\"3facf4c\" data-element_type=\"widget\" data-widget_type=\"image-box.default\">\n\t\t\t\t<div class=\"elementor-widget-container\">\n\t\t\t<div class=\"elementor-image-box-wrapper\"><figure class=\"elementor-image-box-img\"><a href=\"\/en\/mezoterapia\/\" tabindex=\"-1\"><img decoding=\"async\" width=\"1000\" height=\"1000\" src=\"https:\/\/professionalhair.hu\/wp-content\/uploads\/2022\/06\/csaj3.webp\" class=\"attachment-full size-full wp-image-6399\" alt=\"\" srcset=\"https:\/\/professionalhair.hu\/wp-content\/uploads\/2022\/06\/csaj3.webp 1000w, https:\/\/professionalhair.hu\/wp-content\/uploads\/2022\/06\/csaj3-300x300.webp 300w, https:\/\/professionalhair.hu\/wp-content\/uploads\/2022\/06\/csaj3-150x150.webp 150w, https:\/\/professionalhair.hu\/wp-content\/uploads\/2022\/06\/csaj3-768x768.webp 768w\" sizes=\"(max-width: 1000px) 100vw, 1000px\" \/><\/a><\/figure><div class=\"elementor-image-box-content\"><h3 class=\"elementor-image-box-title\"><a href=\"\/en\/mezoterapia\/\">MESOTHERAPY<\/a><\/h3><p class=\"elementor-image-box-description\">HAIR PRESERVATION TREATMENT<\/p><\/div><\/div>\t\t<\/div>\n\t\t\t\t<\/div>\n\t\t\t\t\t<\/div>\n\t\t<\/div>\n\t\t\t\t\t<\/div>\n\t\t<\/section>\n\t\t\t\t<section class=\"elementor-section elementor-top-section elementor-element elementor-element-6307ad4 elementor-section-boxed elementor-section-height-default elementor-section-height-default\" data-id=\"6307ad4\" data-element_type=\"section\" data-settings=\"{&quot;_ha_eqh_enable&quot;:false}\">\n\t\t\t\t\t\t<div class=\"elementor-container elementor-column-gap-default\">\n\t\t\t\t\t<div class=\"elementor-column elementor-col-33 elementor-top-column elementor-element elementor-element-e525779\" data-id=\"e525779\" data-element_type=\"column\">\n\t\t\t<div class=\"elementor-widget-wrap\">\n\t\t\t\t\t\t\t<\/div>\n\t\t<\/div>\n\t\t\t\t<div class=\"elementor-column elementor-col-33 elementor-top-column elementor-element elementor-element-c1984cc\" data-id=\"c1984cc\" data-element_type=\"column\">\n\t\t\t<div class=\"elementor-widget-wrap\">\n\t\t\t\t\t\t\t<\/div>\n\t\t<\/div>\n\t\t\t\t<div class=\"elementor-column elementor-col-33 elementor-top-column elementor-element elementor-element-8ebf29c\" data-id=\"8ebf29c\" data-element_type=\"column\">\n\t\t\t<div class=\"elementor-widget-wrap\">\n\t\t\t\t\t\t\t<\/div>\n\t\t<\/div>\n\t\t\t\t\t<\/div>\n\t\t<\/section>\n\t\t\t\t<\/div>","protected":false},"excerpt":{"rendered":"<p>Szolg\u00e1ltat\u00e1sok A Professional Hair Hajklinika k\u00fcldet\u00e9se, hogy az orvostudom\u00e1ny seg\u00edts\u00e9g\u00e9vel egy \u00e9letre megszabad\u00edtsuk p\u00e1cienseinket a kopaszod\u00e1st\u00f3l. A f\u00e9rfi \u00e9s n\u0151i hajbe\u00fcltet\u00e9s alapj\u00e1t jelent\u0151 FUE2 technol\u00f3gia a szak\u00e1ll-, \u00e9s szem\u00f6ld\u00f6k p\u00f3tl\u00e1s\u00e1ra is alkalmazhat\u00f3. A BE\u00dcLTET\u00c9SEKET EL\u0150-, \u00c9S UT\u00d3KEZEL\u00c9SEKKEL TESSZ\u00dcK M\u00c9G HAT\u00c9KONYABB\u00c1 &#8211; V\u00c1LASZHATOD A MEZOTER\u00c1PI\u00c1S T\u00c1PANYAGBOMB\u00c1T, HOGY HAJAD M\u00c9G D\u00daSABB \u00c9S ER\u0150SEBB LEGYEN A HAJBE\u00dcLTET\u00c9S UT\u00c1N. [&hellip;]<\/p>","protected":false},"author":1,"featured_media":0,"parent":0,"menu_order":0,"comment_status":"closed","ping_status":"closed","template":"","meta":{"footnotes":""},"class_list":["post-1330","page","type-page","status-publish","hentry"],"yoast_head":"<!-- This site is optimized with the Yoast SEO plugin v23.9 - https:\/\/yoast.com\/wordpress\/plugins\/seo\/ -->\n<title>Szolg\u00e1ltat\u00e1sok - Professional Hair<\/title>\n<meta name=\"robots\" content=\"index, follow, max-snippet:-1, max-image-preview:large, max-video-preview:-1\" \/>\n<link rel=\"canonical\" href=\"https:\/\/professionalhair.hu\/en\/szolgaltatasok\/\" \/>\n<meta property=\"og:locale\" content=\"en_US\" \/>\n<meta property=\"og:type\" content=\"article\" \/>\n<meta property=\"og:title\" content=\"Szolg\u00e1ltat\u00e1sok - Professional Hair\" \/>\n<meta property=\"og:description\" content=\"Szolg\u00e1ltat\u00e1sok A Professional Hair Hajklinika k\u00fcldet\u00e9se, hogy az orvostudom\u00e1ny seg\u00edts\u00e9g\u00e9vel egy \u00e9letre megszabad\u00edtsuk p\u00e1cienseinket a kopaszod\u00e1st\u00f3l. A f\u00e9rfi \u00e9s n\u0151i hajbe\u00fcltet\u00e9s alapj\u00e1t jelent\u0151 FUE2 technol\u00f3gia a szak\u00e1ll-, \u00e9s szem\u00f6ld\u00f6k p\u00f3tl\u00e1s\u00e1ra is alkalmazhat\u00f3. A BE\u00dcLTET\u00c9SEKET EL\u0150-, \u00c9S UT\u00d3KEZEL\u00c9SEKKEL TESSZ\u00dcK M\u00c9G HAT\u00c9KONYABB\u00c1 &#8211; V\u00c1LASZHATOD A MEZOTER\u00c1PI\u00c1S T\u00c1PANYAGBOMB\u00c1T, HOGY HAJAD M\u00c9G D\u00daSABB \u00c9S ER\u0150SEBB LEGYEN A HAJBE\u00dcLTET\u00c9S UT\u00c1N. [&hellip;]\" \/>\n<meta property=\"og:url\" content=\"https:\/\/professionalhair.hu\/en\/szolgaltatasok\/\" \/>\n<meta property=\"og:site_name\" content=\"Professional Hair\" \/>\n<meta property=\"article:publisher\" content=\"https:\/\/www.facebook.com\/professionalhairbudapest\" \/>\n<meta property=\"article:modified_time\" content=\"2024-07-23T15:24:10+00:00\" \/>\n<meta property=\"og:image\" content=\"https:\/\/professionalhair.hu\/wp-content\/uploads\/2022\/05\/img_ferfihajbeultetes.webp\" \/>\n<meta name=\"twitter:card\" content=\"summary_large_image\" \/>\n<meta name=\"twitter:label1\" content=\"Est. reading time\" \/>\n\t<meta name=\"twitter:data1\" content=\"2 minutes\" \/>\n<script type=\"application\/ld+json\" class=\"yoast-schema-graph\">{\"@context\":\"https:\/\/schema.org\",\"@graph\":[{\"@type\":\"WebPage\",\"@id\":\"https:\/\/professionalhair.hu\/szolgaltatasok\/\",\"url\":\"https:\/\/professionalhair.hu\/szolgaltatasok\/\",\"name\":\"Szolg\u00e1ltat\u00e1sok - Professional Hair\",\"isPartOf\":{\"@id\":\"https:\/\/professionalhair.hu\/#website\"},\"primaryImageOfPage\":{\"@id\":\"https:\/\/professionalhair.hu\/szolgaltatasok\/#primaryimage\"},\"image\":{\"@id\":\"https:\/\/professionalhair.hu\/szolgaltatasok\/#primaryimage\"},\"thumbnailUrl\":\"https:\/\/professionalhair.hu\/wp-content\/uploads\/2022\/05\/img_ferfihajbeultetes.webp\",\"datePublished\":\"2022-05-31T15:14:50+00:00\",\"dateModified\":\"2024-07-23T15:24:10+00:00\",\"breadcrumb\":{\"@id\":\"https:\/\/professionalhair.hu\/szolgaltatasok\/#breadcrumb\"},\"inLanguage\":\"en-US\",\"potentialAction\":[{\"@type\":\"ReadAction\",\"target\":[\"https:\/\/professionalhair.hu\/szolgaltatasok\/\"]}]},{\"@type\":\"ImageObject\",\"inLanguage\":\"en-US\",\"@id\":\"https:\/\/professionalhair.hu\/szolgaltatasok\/#primaryimage\",\"url\":\"https:\/\/professionalhair.hu\/wp-content\/uploads\/2022\/05\/img_ferfihajbeultetes.webp\",\"contentUrl\":\"https:\/\/professionalhair.hu\/wp-content\/uploads\/2022\/05\/img_ferfihajbeultetes.webp\"},{\"@type\":\"BreadcrumbList\",\"@id\":\"https:\/\/professionalhair.hu\/szolgaltatasok\/#breadcrumb\",\"itemListElement\":[{\"@type\":\"ListItem\",\"position\":1,\"name\":\"Kezd\u0151lap\",\"item\":\"https:\/\/professionalhair.hu\/\"},{\"@type\":\"ListItem\",\"position\":2,\"name\":\"Szolg\u00e1ltat\u00e1sok\"}]},{\"@type\":\"WebSite\",\"@id\":\"https:\/\/professionalhair.hu\/#website\",\"url\":\"https:\/\/professionalhair.hu\/\",\"name\":\"Professional Hair\",\"description\":\"Hajbe\u00fcltet\u00e9s Budapest\",\"publisher\":{\"@id\":\"https:\/\/professionalhair.hu\/#organization\"},\"potentialAction\":[{\"@type\":\"SearchAction\",\"target\":{\"@type\":\"EntryPoint\",\"urlTemplate\":\"https:\/\/professionalhair.hu\/?s={search_term_string}\"},\"query-input\":{\"@type\":\"PropertyValueSpecification\",\"valueRequired\":true,\"valueName\":\"search_term_string\"}}],\"inLanguage\":\"en-US\"},{\"@type\":\"Organization\",\"@id\":\"https:\/\/professionalhair.hu\/#organization\",\"name\":\"Professional Hair\",\"url\":\"https:\/\/professionalhair.hu\/\",\"logo\":{\"@type\":\"ImageObject\",\"inLanguage\":\"en-US\",\"@id\":\"https:\/\/professionalhair.hu\/#\/schema\/logo\/image\/\",\"url\":\"https:\/\/professionalhair.hu\/wp-content\/uploads\/2022\/05\/logo_footer.webp\",\"contentUrl\":\"https:\/\/professionalhair.hu\/wp-content\/uploads\/2022\/05\/logo_footer.webp\",\"width\":263,\"height\":60,\"caption\":\"Professional Hair\"},\"image\":{\"@id\":\"https:\/\/professionalhair.hu\/#\/schema\/logo\/image\/\"},\"sameAs\":[\"https:\/\/www.facebook.com\/professionalhairbudapest\",\"https:\/\/www.youtube.com\/channel\/UC3yW-vWCddUuRSs6cormhjA\",\"https:\/\/www.instagram.com\/professionalhairbudapest\/\"]}]}<\/script>\n<!-- \/ Yoast SEO plugin. -->","yoast_head_json":{"title":"Szolg\u00e1ltat\u00e1sok - Professional Hair","robots":{"index":"index","follow":"follow","max-snippet":"max-snippet:-1","max-image-preview":"max-image-preview:large","max-video-preview":"max-video-preview:-1"},"canonical":"https:\/\/professionalhair.hu\/en\/szolgaltatasok\/","og_locale":"en_US","og_type":"article","og_title":"Szolg\u00e1ltat\u00e1sok - Professional Hair","og_description":"Szolg\u00e1ltat\u00e1sok A Professional Hair Hajklinika k\u00fcldet\u00e9se, hogy az orvostudom\u00e1ny seg\u00edts\u00e9g\u00e9vel egy \u00e9letre megszabad\u00edtsuk p\u00e1cienseinket a kopaszod\u00e1st\u00f3l. A f\u00e9rfi \u00e9s n\u0151i hajbe\u00fcltet\u00e9s alapj\u00e1t jelent\u0151 FUE2 technol\u00f3gia a szak\u00e1ll-, \u00e9s szem\u00f6ld\u00f6k p\u00f3tl\u00e1s\u00e1ra is alkalmazhat\u00f3. A BE\u00dcLTET\u00c9SEKET EL\u0150-, \u00c9S UT\u00d3KEZEL\u00c9SEKKEL TESSZ\u00dcK M\u00c9G HAT\u00c9KONYABB\u00c1 &#8211; V\u00c1LASZHATOD A MEZOTER\u00c1PI\u00c1S T\u00c1PANYAGBOMB\u00c1T, HOGY HAJAD M\u00c9G D\u00daSABB \u00c9S ER\u0150SEBB LEGYEN A HAJBE\u00dcLTET\u00c9S UT\u00c1N. [&hellip;]","og_url":"https:\/\/professionalhair.hu\/en\/szolgaltatasok\/","og_site_name":"Professional Hair","article_publisher":"https:\/\/www.facebook.com\/professionalhairbudapest","article_modified_time":"2024-07-23T15:24:10+00:00","og_image":[{"url":"https:\/\/professionalhair.hu\/wp-content\/uploads\/2022\/05\/img_ferfihajbeultetes.webp"}],"twitter_card":"summary_large_image","twitter_misc":{"Est. reading time":"2 minutes"},"schema":{"@context":"https:\/\/schema.org","@graph":[{"@type":"WebPage","@id":"https:\/\/professionalhair.hu\/szolgaltatasok\/","url":"https:\/\/professionalhair.hu\/szolgaltatasok\/","name":"Szolg\u00e1ltat\u00e1sok - Professional Hair","isPartOf":{"@id":"https:\/\/professionalhair.hu\/#website"},"primaryImageOfPage":{"@id":"https:\/\/professionalhair.hu\/szolgaltatasok\/#primaryimage"},"image":{"@id":"https:\/\/professionalhair.hu\/szolgaltatasok\/#primaryimage"},"thumbnailUrl":"https:\/\/professionalhair.hu\/wp-content\/uploads\/2022\/05\/img_ferfihajbeultetes.webp","datePublished":"2022-05-31T15:14:50+00:00","dateModified":"2024-07-23T15:24:10+00:00","breadcrumb":{"@id":"https:\/\/professionalhair.hu\/szolgaltatasok\/#breadcrumb"},"inLanguage":"en-US","potentialAction":[{"@type":"ReadAction","target":["https:\/\/professionalhair.hu\/szolgaltatasok\/"]}]},{"@type":"ImageObject","inLanguage":"en-US","@id":"https:\/\/professionalhair.hu\/szolgaltatasok\/#primaryimage","url":"https:\/\/professionalhair.hu\/wp-content\/uploads\/2022\/05\/img_ferfihajbeultetes.webp","contentUrl":"https:\/\/professionalhair.hu\/wp-content\/uploads\/2022\/05\/img_ferfihajbeultetes.webp"},{"@type":"BreadcrumbList","@id":"https:\/\/professionalhair.hu\/szolgaltatasok\/#breadcrumb","itemListElement":[{"@type":"ListItem","position":1,"name":"Kezd\u0151lap","item":"https:\/\/professionalhair.hu\/"},{"@type":"ListItem","position":2,"name":"Szolg\u00e1ltat\u00e1sok"}]},{"@type":"WebSite","@id":"https:\/\/professionalhair.hu\/#website","url":"https:\/\/professionalhair.hu\/","name":"Professional Hair","description":"Hajbe\u00fcltet\u00e9s Budapest","publisher":{"@id":"https:\/\/professionalhair.hu\/#organization"},"potentialAction":[{"@type":"SearchAction","target":{"@type":"EntryPoint","urlTemplate":"https:\/\/professionalhair.hu\/?s={search_term_string}"},"query-input":{"@type":"PropertyValueSpecification","valueRequired":true,"valueName":"search_term_string"}}],"inLanguage":"en-US"},{"@type":"Organization","@id":"https:\/\/professionalhair.hu\/#organization","name":"Professional Hair","url":"https:\/\/professionalhair.hu\/","logo":{"@type":"ImageObject","inLanguage":"en-US","@id":"https:\/\/professionalhair.hu\/#\/schema\/logo\/image\/","url":"https:\/\/professionalhair.hu\/wp-content\/uploads\/2022\/05\/logo_footer.webp","contentUrl":"https:\/\/professionalhair.hu\/wp-content\/uploads\/2022\/05\/logo_footer.webp","width":263,"height":60,"caption":"Professional Hair"},"image":{"@id":"https:\/\/professionalhair.hu\/#\/schema\/logo\/image\/"},"sameAs":["https:\/\/www.facebook.com\/professionalhairbudapest","https:\/\/www.youtube.com\/channel\/UC3yW-vWCddUuRSs6cormhjA","https:\/\/www.instagram.com\/professionalhairbudapest\/"]}]}},"_links":{"self":[{"href":"https:\/\/professionalhair.hu\/en\/wp-json\/wp\/v2\/pages\/1330","targetHints":{"allow":["GET"]}}],"collection":[{"href":"https:\/\/professionalhair.hu\/en\/wp-json\/wp\/v2\/pages"}],"about":[{"href":"https:\/\/professionalhair.hu\/en\/wp-json\/wp\/v2\/types\/page"}],"author":[{"embeddable":true,"href":"https:\/\/professionalhair.hu\/en\/wp-json\/wp\/v2\/users\/1"}],"replies":[{"embeddable":true,"href":"https:\/\/professionalhair.hu\/en\/wp-json\/wp\/v2\/comments?post=1330"}],"version-history":[{"count":0,"href":"https:\/\/professionalhair.hu\/en\/wp-json\/wp\/v2\/pages\/1330\/revisions"}],"wp:attachment":[{"href":"https:\/\/professionalhair.hu\/en\/wp-json\/wp\/v2\/media?parent=1330"}],"curies":[{"name":"wp","href":"https:\/\/api.w.org\/{rel}","templated":true}]}}