{"id":6869,"date":"2022-07-12T12:00:02","date_gmt":"2022-07-12T10:00:02","guid":{"rendered":"https:\/\/professionalhair.hu\/?page_id=6869"},"modified":"2022-07-13T09:43:19","modified_gmt":"2022-07-13T07:43:19","slug":"konzultacio","status":"publish","type":"page","link":"https:\/\/professionalhair.hu\/en\/konzultacio\/","title":{"rendered":"Konzult\u00e1ci\u00f3"},"content":{"rendered":"<div data-elementor-type=\"wp-page\" data-elementor-id=\"6869\" class=\"elementor elementor-6869\" data-elementor-post-type=\"page\">\n\t\t\t\t\t\t<section class=\"elementor-section elementor-top-section elementor-element elementor-element-39226e2 elementor-section-boxed elementor-section-height-default elementor-section-height-default\" data-id=\"39226e2\" data-element_type=\"section\" data-settings=\"{&quot;_ha_eqh_enable&quot;:false}\">\n\t\t\t\t\t\t<div class=\"elementor-container elementor-column-gap-default\">\n\t\t\t\t\t<div class=\"elementor-column elementor-col-100 elementor-top-column elementor-element elementor-element-1178d33\" data-id=\"1178d33\" data-element_type=\"column\">\n\t\t\t<div class=\"elementor-widget-wrap elementor-element-populated\">\n\t\t\t\t\t\t<div class=\"elementor-element elementor-element-17e57a7 elementor-widget elementor-widget-text-editor\" data-id=\"17e57a7\" data-element_type=\"widget\" data-widget_type=\"text-editor.default\">\n\t\t\t\t<div class=\"elementor-widget-container\">\n\t\t\t\t\t\t\t<p>KONZULT\u00c1CI\u00d3<\/p>\t\t\t\t\t\t<\/div>\n\t\t\t\t<\/div>\n\t\t\t\t<div class=\"elementor-element elementor-element-eb0209d elementor-widget elementor-widget-heading\" data-id=\"eb0209d\" data-element_type=\"widget\" data-widget_type=\"heading.default\">\n\t\t\t\t<div class=\"elementor-widget-container\">\n\t\t\t<h2 class=\"elementor-heading-title elementor-size-default\"><b>Jelentkezz be ingyenes szem\u00e9lyes konzult\u00e1ci\u00f3nkra!<\/b><\/h2>\t\t<\/div>\n\t\t\t\t<\/div>\n\t\t\t\t\t<\/div>\n\t\t<\/div>\n\t\t\t\t\t<\/div>\n\t\t<\/section>\n\t\t\t\t<\/div>","protected":false},"excerpt":{"rendered":"<p>KONZULT\u00c1CI\u00d3 Jelentkezz be ingyenes szem\u00e9lyes konzult\u00e1ci\u00f3nkra!<\/p>","protected":false},"author":1,"featured_media":0,"parent":0,"menu_order":0,"comment_status":"closed","ping_status":"closed","template":"","meta":{"footnotes":""},"class_list":["post-6869","page","type-page","status-publish","hentry"],"yoast_head":"<!-- This site is optimized with the Yoast SEO plugin v23.9 - https:\/\/yoast.com\/wordpress\/plugins\/seo\/ -->\n<title>Konzult\u00e1ci\u00f3 - Professional Hair<\/title>\n<meta name=\"robots\" content=\"index, follow, max-snippet:-1, max-image-preview:large, max-video-preview:-1\" \/>\n<link rel=\"canonical\" href=\"https:\/\/professionalhair.hu\/en\/konzultacio\/\" \/>\n<meta property=\"og:locale\" content=\"en_US\" \/>\n<meta property=\"og:type\" content=\"article\" \/>\n<meta property=\"og:title\" content=\"Konzult\u00e1ci\u00f3 - Professional Hair\" \/>\n<meta property=\"og:description\" content=\"KONZULT\u00c1CI\u00d3 Jelentkezz be ingyenes szem\u00e9lyes konzult\u00e1ci\u00f3nkra!\" \/>\n<meta property=\"og:url\" content=\"https:\/\/professionalhair.hu\/en\/konzultacio\/\" \/>\n<meta property=\"og:site_name\" content=\"Professional Hair\" \/>\n<meta property=\"article:publisher\" content=\"https:\/\/www.facebook.com\/professionalhairbudapest\" \/>\n<meta property=\"article:modified_time\" content=\"2022-07-13T07:43:19+00:00\" \/>\n<meta name=\"twitter:card\" content=\"summary_large_image\" \/>\n<meta name=\"twitter:label1\" content=\"Est. reading time\" \/>\n\t<meta name=\"twitter:data1\" content=\"1 minute\" \/>\n<script type=\"application\/ld+json\" class=\"yoast-schema-graph\">{\"@context\":\"https:\/\/schema.org\",\"@graph\":[{\"@type\":\"WebPage\",\"@id\":\"https:\/\/professionalhair.hu\/konzultacio\/\",\"url\":\"https:\/\/professionalhair.hu\/konzultacio\/\",\"name\":\"Konzult\u00e1ci\u00f3 - Professional Hair\",\"isPartOf\":{\"@id\":\"https:\/\/professionalhair.hu\/#website\"},\"datePublished\":\"2022-07-12T10:00:02+00:00\",\"dateModified\":\"2022-07-13T07:43:19+00:00\",\"breadcrumb\":{\"@id\":\"https:\/\/professionalhair.hu\/konzultacio\/#breadcrumb\"},\"inLanguage\":\"en-US\",\"potentialAction\":[{\"@type\":\"ReadAction\",\"target\":[\"https:\/\/professionalhair.hu\/konzultacio\/\"]}]},{\"@type\":\"BreadcrumbList\",\"@id\":\"https:\/\/professionalhair.hu\/konzultacio\/#breadcrumb\",\"itemListElement\":[{\"@type\":\"ListItem\",\"position\":1,\"name\":\"Kezd\u0151lap\",\"item\":\"https:\/\/professionalhair.hu\/\"},{\"@type\":\"ListItem\",\"position\":2,\"name\":\"Konzult\u00e1ci\u00f3\"}]},{\"@type\":\"WebSite\",\"@id\":\"https:\/\/professionalhair.hu\/#website\",\"url\":\"https:\/\/professionalhair.hu\/\",\"name\":\"Professional Hair\",\"description\":\"Hajbe\u00fcltet\u00e9s Budapest\",\"publisher\":{\"@id\":\"https:\/\/professionalhair.hu\/#organization\"},\"potentialAction\":[{\"@type\":\"SearchAction\",\"target\":{\"@type\":\"EntryPoint\",\"urlTemplate\":\"https:\/\/professionalhair.hu\/?s={search_term_string}\"},\"query-input\":{\"@type\":\"PropertyValueSpecification\",\"valueRequired\":true,\"valueName\":\"search_term_string\"}}],\"inLanguage\":\"en-US\"},{\"@type\":\"Organization\",\"@id\":\"https:\/\/professionalhair.hu\/#organization\",\"name\":\"Professional Hair\",\"url\":\"https:\/\/professionalhair.hu\/\",\"logo\":{\"@type\":\"ImageObject\",\"inLanguage\":\"en-US\",\"@id\":\"https:\/\/professionalhair.hu\/#\/schema\/logo\/image\/\",\"url\":\"https:\/\/professionalhair.hu\/wp-content\/uploads\/2022\/05\/logo_footer.webp\",\"contentUrl\":\"https:\/\/professionalhair.hu\/wp-content\/uploads\/2022\/05\/logo_footer.webp\",\"width\":263,\"height\":60,\"caption\":\"Professional Hair\"},\"image\":{\"@id\":\"https:\/\/professionalhair.hu\/#\/schema\/logo\/image\/\"},\"sameAs\":[\"https:\/\/www.facebook.com\/professionalhairbudapest\",\"https:\/\/www.youtube.com\/channel\/UC3yW-vWCddUuRSs6cormhjA\",\"https:\/\/www.instagram.com\/professionalhairbudapest\/\"]}]}<\/script>\n<!-- \/ Yoast SEO plugin. -->","yoast_head_json":{"title":"Konzult\u00e1ci\u00f3 - Professional Hair","robots":{"index":"index","follow":"follow","max-snippet":"max-snippet:-1","max-image-preview":"max-image-preview:large","max-video-preview":"max-video-preview:-1"},"canonical":"https:\/\/professionalhair.hu\/en\/konzultacio\/","og_locale":"en_US","og_type":"article","og_title":"Konzult\u00e1ci\u00f3 - Professional Hair","og_description":"KONZULT\u00c1CI\u00d3 Jelentkezz be ingyenes szem\u00e9lyes konzult\u00e1ci\u00f3nkra!","og_url":"https:\/\/professionalhair.hu\/en\/konzultacio\/","og_site_name":"Professional Hair","article_publisher":"https:\/\/www.facebook.com\/professionalhairbudapest","article_modified_time":"2022-07-13T07:43:19+00:00","twitter_card":"summary_large_image","twitter_misc":{"Est. reading time":"1 minute"},"schema":{"@context":"https:\/\/schema.org","@graph":[{"@type":"WebPage","@id":"https:\/\/professionalhair.hu\/konzultacio\/","url":"https:\/\/professionalhair.hu\/konzultacio\/","name":"Konzult\u00e1ci\u00f3 - Professional Hair","isPartOf":{"@id":"https:\/\/professionalhair.hu\/#website"},"datePublished":"2022-07-12T10:00:02+00:00","dateModified":"2022-07-13T07:43:19+00:00","breadcrumb":{"@id":"https:\/\/professionalhair.hu\/konzultacio\/#breadcrumb"},"inLanguage":"en-US","potentialAction":[{"@type":"ReadAction","target":["https:\/\/professionalhair.hu\/konzultacio\/"]}]},{"@type":"BreadcrumbList","@id":"https:\/\/professionalhair.hu\/konzultacio\/#breadcrumb","itemListElement":[{"@type":"ListItem","position":1,"name":"Kezd\u0151lap","item":"https:\/\/professionalhair.hu\/"},{"@type":"ListItem","position":2,"name":"Konzult\u00e1ci\u00f3"}]},{"@type":"WebSite","@id":"https:\/\/professionalhair.hu\/#website","url":"https:\/\/professionalhair.hu\/","name":"Professional Hair","description":"Hajbe\u00fcltet\u00e9s Budapest","publisher":{"@id":"https:\/\/professionalhair.hu\/#organization"},"potentialAction":[{"@type":"SearchAction","target":{"@type":"EntryPoint","urlTemplate":"https:\/\/professionalhair.hu\/?s={search_term_string}"},"query-input":{"@type":"PropertyValueSpecification","valueRequired":true,"valueName":"search_term_string"}}],"inLanguage":"en-US"},{"@type":"Organization","@id":"https:\/\/professionalhair.hu\/#organization","name":"Professional Hair","url":"https:\/\/professionalhair.hu\/","logo":{"@type":"ImageObject","inLanguage":"en-US","@id":"https:\/\/professionalhair.hu\/#\/schema\/logo\/image\/","url":"https:\/\/professionalhair.hu\/wp-content\/uploads\/2022\/05\/logo_footer.webp","contentUrl":"https:\/\/professionalhair.hu\/wp-content\/uploads\/2022\/05\/logo_footer.webp","width":263,"height":60,"caption":"Professional Hair"},"image":{"@id":"https:\/\/professionalhair.hu\/#\/schema\/logo\/image\/"},"sameAs":["https:\/\/www.facebook.com\/professionalhairbudapest","https:\/\/www.youtube.com\/channel\/UC3yW-vWCddUuRSs6cormhjA","https:\/\/www.instagram.com\/professionalhairbudapest\/"]}]}},"_links":{"self":[{"href":"https:\/\/professionalhair.hu\/en\/wp-json\/wp\/v2\/pages\/6869","targetHints":{"allow":["GET"]}}],"collection":[{"href":"https:\/\/professionalhair.hu\/en\/wp-json\/wp\/v2\/pages"}],"about":[{"href":"https:\/\/professionalhair.hu\/en\/wp-json\/wp\/v2\/types\/page"}],"author":[{"embeddable":true,"href":"https:\/\/professionalhair.hu\/en\/wp-json\/wp\/v2\/users\/1"}],"replies":[{"embeddable":true,"href":"https:\/\/professionalhair.hu\/en\/wp-json\/wp\/v2\/comments?post=6869"}],"version-history":[{"count":0,"href":"https:\/\/professionalhair.hu\/en\/wp-json\/wp\/v2\/pages\/6869\/revisions"}],"wp:attachment":[{"href":"https:\/\/professionalhair.hu\/en\/wp-json\/wp\/v2\/media?parent=6869"}],"curies":[{"name":"wp","href":"https:\/\/api.w.org\/{rel}","templated":true}]}}