{"id":839,"date":"2022-05-23T15:14:03","date_gmt":"2022-05-23T15:14:03","guid":{"rendered":"https:\/\/new.professionalhair.hu\/?page_id=839"},"modified":"2024-12-01T11:39:59","modified_gmt":"2024-12-01T10:39:59","slug":"garancia","status":"publish","type":"page","link":"https:\/\/professionalhair.hu\/en\/garancia\/","title":{"rendered":"GUARANTEE"},"content":{"rendered":"<div data-elementor-type=\"wp-page\" data-elementor-id=\"839\" class=\"elementor elementor-839\" data-elementor-post-type=\"page\">\n\t\t\t\t\t\t<section class=\"elementor-section elementor-top-section elementor-element elementor-element-ce2b849 elementor-section-boxed elementor-section-height-default elementor-section-height-default\" data-id=\"ce2b849\" data-element_type=\"section\" data-settings=\"{&quot;_ha_eqh_enable&quot;:false}\">\n\t\t\t\t\t\t<div class=\"elementor-container elementor-column-gap-default\">\n\t\t\t\t\t<div class=\"elementor-column elementor-col-100 elementor-top-column elementor-element elementor-element-bf4128c\" data-id=\"bf4128c\" data-element_type=\"column\">\n\t\t\t<div class=\"elementor-widget-wrap elementor-element-populated\">\n\t\t\t\t\t\t<div class=\"elementor-element elementor-element-562255c elementor-widget elementor-widget-heading\" data-id=\"562255c\" data-element_type=\"widget\" data-widget_type=\"heading.default\">\n\t\t\t\t<div class=\"elementor-widget-container\">\n\t\t\t<h3 class=\"elementor-heading-title elementor-size-default\">GUARANTEE<\/h3>\t\t<\/div>\n\t\t\t\t<\/div>\n\t\t\t\t\t<\/div>\n\t\t<\/div>\n\t\t\t\t\t<\/div>\n\t\t<\/section>\n\t\t\t\t<section class=\"elementor-section elementor-top-section elementor-element elementor-element-096216a elementor-section-boxed elementor-section-height-default elementor-section-height-default\" data-id=\"096216a\" data-element_type=\"section\" data-settings=\"{&quot;background_background&quot;:&quot;gradient&quot;,&quot;_ha_eqh_enable&quot;:false}\">\n\t\t\t\t\t\t<div class=\"elementor-container elementor-column-gap-default\">\n\t\t\t\t\t<div class=\"elementor-column elementor-col-33 elementor-top-column elementor-element elementor-element-f3e4d75\" data-id=\"f3e4d75\" data-element_type=\"column\">\n\t\t\t<div class=\"elementor-widget-wrap elementor-element-populated\">\n\t\t\t\t\t\t<div class=\"elementor-element elementor-element-9d0c399 elementor-widget elementor-widget-image\" data-id=\"9d0c399\" data-element_type=\"widget\" data-widget_type=\"image.default\">\n\t\t\t\t<div class=\"elementor-widget-container\">\n\t\t\t\t\t\t\t\t\t\t\t\t\t<img fetchpriority=\"high\" decoding=\"async\" width=\"630\" height=\"630\" src=\"https:\/\/professionalhair.hu\/wp-content\/uploads\/2022\/05\/eletreszolo-copy.webp\" class=\"attachment-large size-large wp-image-842\" alt=\"\" srcset=\"https:\/\/professionalhair.hu\/wp-content\/uploads\/2022\/05\/eletreszolo-copy.webp 630w, https:\/\/professionalhair.hu\/wp-content\/uploads\/2022\/05\/eletreszolo-copy-300x300.webp 300w, https:\/\/professionalhair.hu\/wp-content\/uploads\/2022\/05\/eletreszolo-copy-150x150.webp 150w\" sizes=\"(max-width: 630px) 100vw, 630px\" \/>\t\t\t\t\t\t\t\t\t\t\t\t\t<\/div>\n\t\t\t\t<\/div>\n\t\t\t\t\t<\/div>\n\t\t<\/div>\n\t\t\t\t<div class=\"elementor-column elementor-col-66 elementor-top-column elementor-element elementor-element-224b7ac\" data-id=\"224b7ac\" data-element_type=\"column\">\n\t\t\t<div class=\"elementor-widget-wrap elementor-element-populated\">\n\t\t\t\t\t\t<div class=\"elementor-element elementor-element-b488002 elementor-widget elementor-widget-text-editor\" data-id=\"b488002\" data-element_type=\"widget\" data-widget_type=\"text-editor.default\">\n\t\t\t\t<div class=\"elementor-widget-container\">\n\t\t\t\t\t\t\t<p>If you follow our advice for 4 weeks after the surgery, we guarantee that 90% of the hairs\ntransplanted will be permanently preserved! The transplanted hairs are guaranteed to grow\nand remain for the rest of your life.<\/p><p>The transplanted hair is not sensitive to hormones and will not fall out again.<\/p>\t\t\t\t\t\t<\/div>\n\t\t\t\t<\/div>\n\t\t\t\t\t<\/div>\n\t\t<\/div>\n\t\t\t\t\t<\/div>\n\t\t<\/section>\n\t\t\t\t<section class=\"elementor-section elementor-top-section elementor-element elementor-element-3c44d1a elementor-section-boxed elementor-section-height-default elementor-section-height-default\" data-id=\"3c44d1a\" data-element_type=\"section\" data-settings=\"{&quot;_ha_eqh_enable&quot;:false}\">\n\t\t\t\t\t\t<div class=\"elementor-container elementor-column-gap-default\">\n\t\t\t\t\t<div class=\"elementor-column elementor-col-66 elementor-top-column elementor-element elementor-element-9f9d2eb\" data-id=\"9f9d2eb\" data-element_type=\"column\">\n\t\t\t<div class=\"elementor-widget-wrap elementor-element-populated\">\n\t\t\t\t\t\t<div class=\"elementor-element elementor-element-eb0ec53 elementor-hidden-desktop elementor-hidden-tablet elementor-widget elementor-widget-image\" data-id=\"eb0ec53\" data-element_type=\"widget\" data-widget_type=\"image.default\">\n\t\t\t\t<div class=\"elementor-widget-container\">\n\t\t\t\t\t\t\t\t\t\t\t\t\t<img decoding=\"async\" width=\"630\" height=\"630\" src=\"https:\/\/professionalhair.hu\/wp-content\/uploads\/2022\/05\/Hegmentes-copy-1.webp\" class=\"attachment-large size-large wp-image-843\" alt=\"\" srcset=\"https:\/\/professionalhair.hu\/wp-content\/uploads\/2022\/05\/Hegmentes-copy-1.webp 630w, https:\/\/professionalhair.hu\/wp-content\/uploads\/2022\/05\/Hegmentes-copy-1-300x300.webp 300w, https:\/\/professionalhair.hu\/wp-content\/uploads\/2022\/05\/Hegmentes-copy-1-150x150.webp 150w\" sizes=\"(max-width: 630px) 100vw, 630px\" \/>\t\t\t\t\t\t\t\t\t\t\t\t\t<\/div>\n\t\t\t\t<\/div>\n\t\t\t\t<div class=\"elementor-element elementor-element-b0cd8e8 elementor-widget elementor-widget-text-editor\" data-id=\"b0cd8e8\" data-element_type=\"widget\" data-widget_type=\"text-editor.default\">\n\t\t\t\t<div class=\"elementor-widget-container\">\n\t\t\t\t\t\t\t<p>We guarantee that there will be no permanent scarring after the hair transplant we perform.<\/p><p>Any small scars that do occur are only temporary and will heal 100%. Even your hairdresser\nwon&#039;t be able to tell you&#039;ve ever had a hair transplant!\u00a0<\/p>\t\t\t\t\t\t<\/div>\n\t\t\t\t<\/div>\n\t\t\t\t\t<\/div>\n\t\t<\/div>\n\t\t\t\t<div class=\"elementor-column elementor-col-33 elementor-top-column elementor-element elementor-element-a8af3d9 elementor-hidden-mobile\" data-id=\"a8af3d9\" data-element_type=\"column\">\n\t\t\t<div class=\"elementor-widget-wrap elementor-element-populated\">\n\t\t\t\t\t\t<div class=\"elementor-element elementor-element-690a21f elementor-widget elementor-widget-image\" data-id=\"690a21f\" data-element_type=\"widget\" data-widget_type=\"image.default\">\n\t\t\t\t<div class=\"elementor-widget-container\">\n\t\t\t\t\t\t\t\t\t\t\t\t\t<img decoding=\"async\" width=\"630\" height=\"630\" src=\"https:\/\/professionalhair.hu\/wp-content\/uploads\/2022\/05\/Hegmentes-copy-1.webp\" class=\"attachment-large size-large wp-image-843\" alt=\"\" srcset=\"https:\/\/professionalhair.hu\/wp-content\/uploads\/2022\/05\/Hegmentes-copy-1.webp 630w, https:\/\/professionalhair.hu\/wp-content\/uploads\/2022\/05\/Hegmentes-copy-1-300x300.webp 300w, https:\/\/professionalhair.hu\/wp-content\/uploads\/2022\/05\/Hegmentes-copy-1-150x150.webp 150w\" sizes=\"(max-width: 630px) 100vw, 630px\" \/>\t\t\t\t\t\t\t\t\t\t\t\t\t<\/div>\n\t\t\t\t<\/div>\n\t\t\t\t\t<\/div>\n\t\t<\/div>\n\t\t\t\t\t<\/div>\n\t\t<\/section>\n\t\t\t\t<section class=\"elementor-section elementor-top-section elementor-element elementor-element-40aa5b1 elementor-section-boxed elementor-section-height-default elementor-section-height-default\" data-id=\"40aa5b1\" data-element_type=\"section\" data-settings=\"{&quot;background_background&quot;:&quot;gradient&quot;,&quot;_ha_eqh_enable&quot;:false}\">\n\t\t\t\t\t\t<div class=\"elementor-container elementor-column-gap-default\">\n\t\t\t\t\t<div class=\"elementor-column elementor-col-33 elementor-top-column elementor-element elementor-element-04ec90a\" data-id=\"04ec90a\" data-element_type=\"column\">\n\t\t\t<div class=\"elementor-widget-wrap elementor-element-populated\">\n\t\t\t\t\t\t<div class=\"elementor-element elementor-element-e3387b4 elementor-widget elementor-widget-image\" data-id=\"e3387b4\" data-element_type=\"widget\" data-widget_type=\"image.default\">\n\t\t\t\t<div class=\"elementor-widget-container\">\n\t\t\t\t\t\t\t\t\t\t\t\t\t<img decoding=\"async\" width=\"630\" height=\"630\" src=\"https:\/\/professionalhair.hu\/wp-content\/uploads\/2022\/05\/esztetika-copy.webp\" class=\"attachment-large size-large wp-image-844\" alt=\"\" srcset=\"https:\/\/professionalhair.hu\/wp-content\/uploads\/2022\/05\/esztetika-copy.webp 630w, https:\/\/professionalhair.hu\/wp-content\/uploads\/2022\/05\/esztetika-copy-300x300.webp 300w, https:\/\/professionalhair.hu\/wp-content\/uploads\/2022\/05\/esztetika-copy-150x150.webp 150w\" sizes=\"(max-width: 630px) 100vw, 630px\" \/>\t\t\t\t\t\t\t\t\t\t\t\t\t<\/div>\n\t\t\t\t<\/div>\n\t\t\t\t\t<\/div>\n\t\t<\/div>\n\t\t\t\t<div class=\"elementor-column elementor-col-66 elementor-top-column elementor-element elementor-element-b4195ca\" data-id=\"b4195ca\" data-element_type=\"column\">\n\t\t\t<div class=\"elementor-widget-wrap elementor-element-populated\">\n\t\t\t\t\t\t<div class=\"elementor-element elementor-element-0ad7e4b elementor-widget elementor-widget-text-editor\" data-id=\"0ad7e4b\" data-element_type=\"widget\" data-widget_type=\"text-editor.default\">\n\t\t\t\t<div class=\"elementor-widget-container\">\n\t\t\t\t\t\t\t<p>Because we use your own hair fibres during the procedure, we guarantee a 100% natural,\naesthetic effect. Our doctors not only have precision, but also an outstanding aesthetic sense -\nensuring the most beautiful, natural result possible.<\/p>\t\t\t\t\t\t<\/div>\n\t\t\t\t<\/div>\n\t\t\t\t\t<\/div>\n\t\t<\/div>\n\t\t\t\t\t<\/div>\n\t\t<\/section>\n\t\t\t\t<section class=\"elementor-section elementor-top-section elementor-element elementor-element-aff7539 elementor-section-boxed elementor-section-height-default elementor-section-height-default\" data-id=\"aff7539\" data-element_type=\"section\" data-settings=\"{&quot;_ha_eqh_enable&quot;:false}\">\n\t\t\t\t\t\t<div class=\"elementor-container elementor-column-gap-default\">\n\t\t\t\t\t<div class=\"elementor-column elementor-col-66 elementor-top-column elementor-element elementor-element-dd5ccc0\" data-id=\"dd5ccc0\" data-element_type=\"column\">\n\t\t\t<div class=\"elementor-widget-wrap elementor-element-populated\">\n\t\t\t\t\t\t<div class=\"elementor-element elementor-element-589b307 elementor-hidden-desktop elementor-hidden-tablet elementor-widget elementor-widget-image\" data-id=\"589b307\" data-element_type=\"widget\" data-widget_type=\"image.default\">\n\t\t\t\t<div class=\"elementor-widget-container\">\n\t\t\t\t\t\t\t\t\t\t\t\t\t<img loading=\"lazy\" decoding=\"async\" width=\"630\" height=\"630\" src=\"https:\/\/professionalhair.hu\/wp-content\/uploads\/2022\/05\/diszkrecio-copy.webp\" class=\"attachment-medium_large size-medium_large wp-image-845\" alt=\"\" srcset=\"https:\/\/professionalhair.hu\/wp-content\/uploads\/2022\/05\/diszkrecio-copy.webp 630w, https:\/\/professionalhair.hu\/wp-content\/uploads\/2022\/05\/diszkrecio-copy-300x300.webp 300w, https:\/\/professionalhair.hu\/wp-content\/uploads\/2022\/05\/diszkrecio-copy-150x150.webp 150w\" sizes=\"(max-width: 630px) 100vw, 630px\" \/>\t\t\t\t\t\t\t\t\t\t\t\t\t<\/div>\n\t\t\t\t<\/div>\n\t\t\t\t<div class=\"elementor-element elementor-element-a84d996 elementor-widget elementor-widget-text-editor\" data-id=\"a84d996\" data-element_type=\"widget\" data-widget_type=\"text-editor.default\">\n\t\t\t\t<div class=\"elementor-widget-container\">\n\t\t\t\t\t\t\t<p>We put discretion first! We don&#039;t force our patients to face and name the surgical procedure\nin front of the world. The photographs taken at the consultation and during the follow-up\nexaminations are taken primarily for documentation purposes, in order to trace the results of\nthe operations. They will only be used on the website with the patient&#039;s prior consent.<\/p><p>However, if you are a more open-minded person and would like to be included, you will of\ncourse be very welcome and can even expect a discount!<\/p><p>\u00a0<\/p>\t\t\t\t\t\t<\/div>\n\t\t\t\t<\/div>\n\t\t\t\t\t<\/div>\n\t\t<\/div>\n\t\t\t\t<div class=\"elementor-column elementor-col-33 elementor-top-column elementor-element elementor-element-194d421 elementor-hidden-mobile\" data-id=\"194d421\" data-element_type=\"column\">\n\t\t\t<div class=\"elementor-widget-wrap elementor-element-populated\">\n\t\t\t\t\t\t<div class=\"elementor-element elementor-element-c06eb8e elementor-widget elementor-widget-image\" data-id=\"c06eb8e\" data-element_type=\"widget\" data-widget_type=\"image.default\">\n\t\t\t\t<div class=\"elementor-widget-container\">\n\t\t\t\t\t\t\t\t\t\t\t\t\t<img loading=\"lazy\" decoding=\"async\" width=\"630\" height=\"630\" src=\"https:\/\/professionalhair.hu\/wp-content\/uploads\/2022\/05\/diszkrecio-copy.webp\" class=\"attachment-medium_large size-medium_large wp-image-845\" alt=\"\" srcset=\"https:\/\/professionalhair.hu\/wp-content\/uploads\/2022\/05\/diszkrecio-copy.webp 630w, https:\/\/professionalhair.hu\/wp-content\/uploads\/2022\/05\/diszkrecio-copy-300x300.webp 300w, https:\/\/professionalhair.hu\/wp-content\/uploads\/2022\/05\/diszkrecio-copy-150x150.webp 150w\" sizes=\"(max-width: 630px) 100vw, 630px\" \/>\t\t\t\t\t\t\t\t\t\t\t\t\t<\/div>\n\t\t\t\t<\/div>\n\t\t\t\t\t<\/div>\n\t\t<\/div>\n\t\t\t\t\t<\/div>\n\t\t<\/section>\n\t\t\t\t<section class=\"elementor-section elementor-top-section elementor-element elementor-element-1b2379e elementor-section-boxed elementor-section-height-default elementor-section-height-default\" data-id=\"1b2379e\" data-element_type=\"section\" data-settings=\"{&quot;_ha_eqh_enable&quot;:false}\">\n\t\t\t\t\t\t<div class=\"elementor-container elementor-column-gap-default\">\n\t\t\t\t\t<div class=\"elementor-column elementor-col-100 elementor-top-column elementor-element elementor-element-ec0b7ec\" data-id=\"ec0b7ec\" data-element_type=\"column\">\n\t\t\t<div class=\"elementor-widget-wrap elementor-element-populated\">\n\t\t\t\t\t\t<div class=\"elementor-element elementor-element-28ca90c elementor-widget elementor-widget-text-editor\" data-id=\"28ca90c\" data-element_type=\"widget\" data-widget_type=\"text-editor.default\">\n\t\t\t\t<div class=\"elementor-widget-container\">\n\t\t\t\t\t\t\t<p><strong>ATTENTION!<\/strong> The final result of hair transplantation may vary from individual to individual\ndepending on the quality and quantity of hair transplanted (e.g. weak, thin hair may result in\nless spectacular hair transplantation results. In such cases, we recommend a course of vitamin\nmesotherapy before and after the treatment to strengthen the hair fibres.)<\/p>\t\t\t\t\t\t<\/div>\n\t\t\t\t<\/div>\n\t\t\t\t\t<\/div>\n\t\t<\/div>\n\t\t\t\t\t<\/div>\n\t\t<\/section>\n\t\t\t\t<\/div>","protected":false},"excerpt":{"rendered":"<p>Garancia Ha betartod a m\u0171t\u00e9tet k\u00f6vet\u0151 4 h\u00e9tben a tan\u00e1csainkat, garant\u00e1ljunk, hogy a be\u00fcltetett hajsz\u00e1lak 90%-a v\u00e9glegesen megmarad! Az \u00e1t\u00fcltetett hajsz\u00e1lak garant\u00e1ltan n\u00f6vekedni fognak \u00e9s \u00e9leted v\u00e9g\u00e9ig megmaradnak. Az be\u00fcltetett hajsz\u00e1l nem \u00e9rz\u00e9keny a hormonra, nem hullik t\u00f6bb\u00e9. Garant\u00e1ljuk, hogy az \u00e1ltalunk v\u00e9gzett hajbe\u00fcltet\u00e9s ut\u00e1n nem keletkezik maradand\u00f3 nyom. A keletkez\u0151 apr\u00f3 sebek csup\u00e1n \u00e1tmenetiek, [&hellip;]<\/p>","protected":false},"author":1,"featured_media":0,"parent":0,"menu_order":0,"comment_status":"closed","ping_status":"closed","template":"","meta":{"footnotes":""},"class_list":["post-839","page","type-page","status-publish","hentry"],"yoast_head":"<!-- This site is optimized with the Yoast SEO plugin v23.9 - https:\/\/yoast.com\/wordpress\/plugins\/seo\/ -->\n<title>Garancia - Professional Hair<\/title>\n<meta name=\"robots\" content=\"index, follow, max-snippet:-1, max-image-preview:large, max-video-preview:-1\" \/>\n<link rel=\"canonical\" href=\"https:\/\/professionalhair.hu\/en\/garancia\/\" \/>\n<meta property=\"og:locale\" content=\"en_US\" \/>\n<meta property=\"og:type\" content=\"article\" \/>\n<meta property=\"og:title\" content=\"Garancia - Professional Hair\" \/>\n<meta property=\"og:description\" content=\"Garancia Ha betartod a m\u0171t\u00e9tet k\u00f6vet\u0151 4 h\u00e9tben a tan\u00e1csainkat, garant\u00e1ljunk, hogy a be\u00fcltetett hajsz\u00e1lak 90%-a v\u00e9glegesen megmarad! Az \u00e1t\u00fcltetett hajsz\u00e1lak garant\u00e1ltan n\u00f6vekedni fognak \u00e9s \u00e9leted v\u00e9g\u00e9ig megmaradnak. Az be\u00fcltetett hajsz\u00e1l nem \u00e9rz\u00e9keny a hormonra, nem hullik t\u00f6bb\u00e9. Garant\u00e1ljuk, hogy az \u00e1ltalunk v\u00e9gzett hajbe\u00fcltet\u00e9s ut\u00e1n nem keletkezik maradand\u00f3 nyom. A keletkez\u0151 apr\u00f3 sebek csup\u00e1n \u00e1tmenetiek, [&hellip;]\" \/>\n<meta property=\"og:url\" content=\"https:\/\/professionalhair.hu\/en\/garancia\/\" \/>\n<meta property=\"og:site_name\" content=\"Professional Hair\" \/>\n<meta property=\"article:publisher\" content=\"https:\/\/www.facebook.com\/professionalhairbudapest\" \/>\n<meta property=\"article:modified_time\" content=\"2024-12-01T10:39:59+00:00\" \/>\n<meta property=\"og:image\" content=\"https:\/\/professionalhair.hu\/wp-content\/uploads\/2022\/05\/eletreszolo-copy.webp\" \/>\n\t<meta property=\"og:image:width\" content=\"630\" \/>\n\t<meta property=\"og:image:height\" content=\"630\" \/>\n\t<meta property=\"og:image:type\" content=\"image\/webp\" \/>\n<meta name=\"twitter:card\" content=\"summary_large_image\" \/>\n<meta name=\"twitter:label1\" content=\"Est. reading time\" \/>\n\t<meta name=\"twitter:data1\" content=\"3 minutes\" \/>\n<script type=\"application\/ld+json\" class=\"yoast-schema-graph\">{\"@context\":\"https:\/\/schema.org\",\"@graph\":[{\"@type\":\"WebPage\",\"@id\":\"https:\/\/professionalhair.hu\/garancia\/\",\"url\":\"https:\/\/professionalhair.hu\/garancia\/\",\"name\":\"Garancia - Professional Hair\",\"isPartOf\":{\"@id\":\"https:\/\/professionalhair.hu\/#website\"},\"primaryImageOfPage\":{\"@id\":\"https:\/\/professionalhair.hu\/garancia\/#primaryimage\"},\"image\":{\"@id\":\"https:\/\/professionalhair.hu\/garancia\/#primaryimage\"},\"thumbnailUrl\":\"https:\/\/professionalhair.hu\/wp-content\/uploads\/2022\/05\/eletreszolo-copy.webp\",\"datePublished\":\"2022-05-23T15:14:03+00:00\",\"dateModified\":\"2024-12-01T10:39:59+00:00\",\"breadcrumb\":{\"@id\":\"https:\/\/professionalhair.hu\/garancia\/#breadcrumb\"},\"inLanguage\":\"en-US\",\"potentialAction\":[{\"@type\":\"ReadAction\",\"target\":[\"https:\/\/professionalhair.hu\/garancia\/\"]}]},{\"@type\":\"ImageObject\",\"inLanguage\":\"en-US\",\"@id\":\"https:\/\/professionalhair.hu\/garancia\/#primaryimage\",\"url\":\"https:\/\/professionalhair.hu\/wp-content\/uploads\/2022\/05\/eletreszolo-copy.webp\",\"contentUrl\":\"https:\/\/professionalhair.hu\/wp-content\/uploads\/2022\/05\/eletreszolo-copy.webp\"},{\"@type\":\"BreadcrumbList\",\"@id\":\"https:\/\/professionalhair.hu\/garancia\/#breadcrumb\",\"itemListElement\":[{\"@type\":\"ListItem\",\"position\":1,\"name\":\"Kezd\u0151lap\",\"item\":\"https:\/\/professionalhair.hu\/\"},{\"@type\":\"ListItem\",\"position\":2,\"name\":\"Garancia\"}]},{\"@type\":\"WebSite\",\"@id\":\"https:\/\/professionalhair.hu\/#website\",\"url\":\"https:\/\/professionalhair.hu\/\",\"name\":\"Professional Hair\",\"description\":\"Hajbe\u00fcltet\u00e9s Budapest\",\"publisher\":{\"@id\":\"https:\/\/professionalhair.hu\/#organization\"},\"potentialAction\":[{\"@type\":\"SearchAction\",\"target\":{\"@type\":\"EntryPoint\",\"urlTemplate\":\"https:\/\/professionalhair.hu\/?s={search_term_string}\"},\"query-input\":{\"@type\":\"PropertyValueSpecification\",\"valueRequired\":true,\"valueName\":\"search_term_string\"}}],\"inLanguage\":\"en-US\"},{\"@type\":\"Organization\",\"@id\":\"https:\/\/professionalhair.hu\/#organization\",\"name\":\"Professional Hair\",\"url\":\"https:\/\/professionalhair.hu\/\",\"logo\":{\"@type\":\"ImageObject\",\"inLanguage\":\"en-US\",\"@id\":\"https:\/\/professionalhair.hu\/#\/schema\/logo\/image\/\",\"url\":\"https:\/\/professionalhair.hu\/wp-content\/uploads\/2022\/05\/logo_footer.webp\",\"contentUrl\":\"https:\/\/professionalhair.hu\/wp-content\/uploads\/2022\/05\/logo_footer.webp\",\"width\":263,\"height\":60,\"caption\":\"Professional Hair\"},\"image\":{\"@id\":\"https:\/\/professionalhair.hu\/#\/schema\/logo\/image\/\"},\"sameAs\":[\"https:\/\/www.facebook.com\/professionalhairbudapest\",\"https:\/\/www.youtube.com\/channel\/UC3yW-vWCddUuRSs6cormhjA\",\"https:\/\/www.instagram.com\/professionalhairbudapest\/\"]}]}<\/script>\n<!-- \/ Yoast SEO plugin. -->","yoast_head_json":{"title":"Garancia - Professional Hair","robots":{"index":"index","follow":"follow","max-snippet":"max-snippet:-1","max-image-preview":"max-image-preview:large","max-video-preview":"max-video-preview:-1"},"canonical":"https:\/\/professionalhair.hu\/en\/garancia\/","og_locale":"en_US","og_type":"article","og_title":"Garancia - Professional Hair","og_description":"Garancia Ha betartod a m\u0171t\u00e9tet k\u00f6vet\u0151 4 h\u00e9tben a tan\u00e1csainkat, garant\u00e1ljunk, hogy a be\u00fcltetett hajsz\u00e1lak 90%-a v\u00e9glegesen megmarad! Az \u00e1t\u00fcltetett hajsz\u00e1lak garant\u00e1ltan n\u00f6vekedni fognak \u00e9s \u00e9leted v\u00e9g\u00e9ig megmaradnak. Az be\u00fcltetett hajsz\u00e1l nem \u00e9rz\u00e9keny a hormonra, nem hullik t\u00f6bb\u00e9. Garant\u00e1ljuk, hogy az \u00e1ltalunk v\u00e9gzett hajbe\u00fcltet\u00e9s ut\u00e1n nem keletkezik maradand\u00f3 nyom. A keletkez\u0151 apr\u00f3 sebek csup\u00e1n \u00e1tmenetiek, [&hellip;]","og_url":"https:\/\/professionalhair.hu\/en\/garancia\/","og_site_name":"Professional Hair","article_publisher":"https:\/\/www.facebook.com\/professionalhairbudapest","article_modified_time":"2024-12-01T10:39:59+00:00","og_image":[{"width":630,"height":630,"url":"https:\/\/professionalhair.hu\/wp-content\/uploads\/2022\/05\/eletreszolo-copy.webp","type":"image\/webp"}],"twitter_card":"summary_large_image","twitter_misc":{"Est. reading time":"3 minutes"},"schema":{"@context":"https:\/\/schema.org","@graph":[{"@type":"WebPage","@id":"https:\/\/professionalhair.hu\/garancia\/","url":"https:\/\/professionalhair.hu\/garancia\/","name":"Garancia - Professional Hair","isPartOf":{"@id":"https:\/\/professionalhair.hu\/#website"},"primaryImageOfPage":{"@id":"https:\/\/professionalhair.hu\/garancia\/#primaryimage"},"image":{"@id":"https:\/\/professionalhair.hu\/garancia\/#primaryimage"},"thumbnailUrl":"https:\/\/professionalhair.hu\/wp-content\/uploads\/2022\/05\/eletreszolo-copy.webp","datePublished":"2022-05-23T15:14:03+00:00","dateModified":"2024-12-01T10:39:59+00:00","breadcrumb":{"@id":"https:\/\/professionalhair.hu\/garancia\/#breadcrumb"},"inLanguage":"en-US","potentialAction":[{"@type":"ReadAction","target":["https:\/\/professionalhair.hu\/garancia\/"]}]},{"@type":"ImageObject","inLanguage":"en-US","@id":"https:\/\/professionalhair.hu\/garancia\/#primaryimage","url":"https:\/\/professionalhair.hu\/wp-content\/uploads\/2022\/05\/eletreszolo-copy.webp","contentUrl":"https:\/\/professionalhair.hu\/wp-content\/uploads\/2022\/05\/eletreszolo-copy.webp"},{"@type":"BreadcrumbList","@id":"https:\/\/professionalhair.hu\/garancia\/#breadcrumb","itemListElement":[{"@type":"ListItem","position":1,"name":"Kezd\u0151lap","item":"https:\/\/professionalhair.hu\/"},{"@type":"ListItem","position":2,"name":"Garancia"}]},{"@type":"WebSite","@id":"https:\/\/professionalhair.hu\/#website","url":"https:\/\/professionalhair.hu\/","name":"Professional Hair","description":"Hajbe\u00fcltet\u00e9s Budapest","publisher":{"@id":"https:\/\/professionalhair.hu\/#organization"},"potentialAction":[{"@type":"SearchAction","target":{"@type":"EntryPoint","urlTemplate":"https:\/\/professionalhair.hu\/?s={search_term_string}"},"query-input":{"@type":"PropertyValueSpecification","valueRequired":true,"valueName":"search_term_string"}}],"inLanguage":"en-US"},{"@type":"Organization","@id":"https:\/\/professionalhair.hu\/#organization","name":"Professional Hair","url":"https:\/\/professionalhair.hu\/","logo":{"@type":"ImageObject","inLanguage":"en-US","@id":"https:\/\/professionalhair.hu\/#\/schema\/logo\/image\/","url":"https:\/\/professionalhair.hu\/wp-content\/uploads\/2022\/05\/logo_footer.webp","contentUrl":"https:\/\/professionalhair.hu\/wp-content\/uploads\/2022\/05\/logo_footer.webp","width":263,"height":60,"caption":"Professional Hair"},"image":{"@id":"https:\/\/professionalhair.hu\/#\/schema\/logo\/image\/"},"sameAs":["https:\/\/www.facebook.com\/professionalhairbudapest","https:\/\/www.youtube.com\/channel\/UC3yW-vWCddUuRSs6cormhjA","https:\/\/www.instagram.com\/professionalhairbudapest\/"]}]}},"_links":{"self":[{"href":"https:\/\/professionalhair.hu\/en\/wp-json\/wp\/v2\/pages\/839","targetHints":{"allow":["GET"]}}],"collection":[{"href":"https:\/\/professionalhair.hu\/en\/wp-json\/wp\/v2\/pages"}],"about":[{"href":"https:\/\/professionalhair.hu\/en\/wp-json\/wp\/v2\/types\/page"}],"author":[{"embeddable":true,"href":"https:\/\/professionalhair.hu\/en\/wp-json\/wp\/v2\/users\/1"}],"replies":[{"embeddable":true,"href":"https:\/\/professionalhair.hu\/en\/wp-json\/wp\/v2\/comments?post=839"}],"version-history":[{"count":0,"href":"https:\/\/professionalhair.hu\/en\/wp-json\/wp\/v2\/pages\/839\/revisions"}],"wp:attachment":[{"href":"https:\/\/professionalhair.hu\/en\/wp-json\/wp\/v2\/media?parent=839"}],"curies":[{"name":"wp","href":"https:\/\/api.w.org\/{rel}","templated":true}]}}