{"id":855,"date":"2022-05-23T15:22:59","date_gmt":"2022-05-23T15:22:59","guid":{"rendered":"https:\/\/new.professionalhair.hu\/?page_id=855"},"modified":"2024-09-01T09:11:54","modified_gmt":"2024-09-01T07:11:54","slug":"kapcsolat","status":"publish","type":"page","link":"https:\/\/professionalhair.hu\/en\/kapcsolat\/","title":{"rendered":"CONTACT US"},"content":{"rendered":"<div data-elementor-type=\"wp-page\" data-elementor-id=\"855\" class=\"elementor elementor-855\" data-elementor-post-type=\"page\">\n\t\t\t\t\t\t<section class=\"elementor-section elementor-top-section elementor-element elementor-element-7f5f266 elementor-section-boxed elementor-section-height-default elementor-section-height-default\" data-id=\"7f5f266\" data-element_type=\"section\" data-settings=\"{&quot;_ha_eqh_enable&quot;:false}\">\n\t\t\t\t\t\t<div class=\"elementor-container elementor-column-gap-default\">\n\t\t\t\t\t<div class=\"elementor-column elementor-col-100 elementor-top-column elementor-element elementor-element-fe7c02d\" data-id=\"fe7c02d\" data-element_type=\"column\">\n\t\t\t<div class=\"elementor-widget-wrap elementor-element-populated\">\n\t\t\t\t\t\t<div class=\"elementor-element elementor-element-aea2a1d elementor-widget elementor-widget-heading\" data-id=\"aea2a1d\" data-element_type=\"widget\" data-widget_type=\"heading.default\">\n\t\t\t\t<div class=\"elementor-widget-container\">\n\t\t\t<h3 class=\"elementor-heading-title elementor-size-default\">CONTACT US<\/h3>\t\t<\/div>\n\t\t\t\t<\/div>\n\t\t\t\t\t<\/div>\n\t\t<\/div>\n\t\t\t\t\t<\/div>\n\t\t<\/section>\n\t\t\t\t<section class=\"elementor-section elementor-top-section elementor-element elementor-element-2061906 elementor-section-boxed elementor-section-height-default elementor-section-height-default\" data-id=\"2061906\" data-element_type=\"section\" data-settings=\"{&quot;_ha_eqh_enable&quot;:false}\">\n\t\t\t\t\t\t<div class=\"elementor-container elementor-column-gap-default\">\n\t\t\t\t\t<div class=\"elementor-column elementor-col-50 elementor-top-column elementor-element elementor-element-3f198b6\" data-id=\"3f198b6\" data-element_type=\"column\">\n\t\t\t<div class=\"elementor-widget-wrap elementor-element-populated\">\n\t\t\t\t\t\t<div class=\"elementor-element elementor-element-0a5a2ae elementor-widget elementor-widget-heading\" data-id=\"0a5a2ae\" data-element_type=\"widget\" data-widget_type=\"heading.default\">\n\t\t\t\t<div class=\"elementor-widget-container\">\n\t\t\t<h2 class=\"elementor-heading-title elementor-size-default\">Access to our clinic<\/h2>\t\t<\/div>\n\t\t\t\t<\/div>\n\t\t\t\t<div class=\"elementor-element elementor-element-ed6899e elementor-widget elementor-widget-text-editor\" data-id=\"ed6899e\" data-element_type=\"widget\" data-widget_type=\"text-editor.default\">\n\t\t\t\t<div class=\"elementor-widget-container\">\n\t\t\t\t\t\t\t<p><strong>From SZ\u00c9LL K\u00c1LM\u00c1N T\u00c9R:<\/strong> Take the Castle bus no.16 or 16A to Szenth\u00e1roms\u00e1g t\u00e9r. After\nalighting, turn right into Szenth\u00e1roms\u00e1g Street, at the end of which a staircase leads down to\nLovas Street. On arrival, turn right and you will soon find number 10.<\/p><p><strong>From the D\u00e9li train station:<\/strong> crossing V\u00e9rmez\u0151 you will reach Attila Street. You will be\nconfronted with the Bugat staircase which leads up to the Lovas street. Immediately at the top\nof the stairs, you&#039;ll find our clinic.<\/p><p><strong>BY CAR:<\/strong> Drive over the Elisabeth Bridge and onto Attila Road. At D\u00f3zsa Gy\u00f6rgy Square\nturn right onto Palota \u00fat. Follow this road uphill, then turn left just before the barrier.<\/p>\t\t\t\t\t\t<\/div>\n\t\t\t\t<\/div>\n\t\t\t\t<section class=\"elementor-section elementor-inner-section elementor-element elementor-element-2da9957 elementor-section-boxed elementor-section-height-default elementor-section-height-default\" data-id=\"2da9957\" data-element_type=\"section\" data-settings=\"{&quot;_ha_eqh_enable&quot;:false}\">\n\t\t\t\t\t\t<div class=\"elementor-container elementor-column-gap-default\">\n\t\t\t\t\t<div class=\"elementor-column elementor-col-50 elementor-inner-column elementor-element elementor-element-0458a50\" data-id=\"0458a50\" data-element_type=\"column\">\n\t\t\t<div class=\"elementor-widget-wrap elementor-element-populated\">\n\t\t\t\t\t\t<div data-ha-element-link=\"{&quot;url&quot;:&quot;https:\\\/\\\/goo.gl\\\/maps\\\/5RhAbiH33fM9UYM27&quot;,&quot;is_external&quot;:&quot;&quot;,&quot;nofollow&quot;:&quot;&quot;}\" style=\"cursor: pointer\" class=\"elementor-element elementor-element-956ebd5 elementor-view-stacked elementor-shape-circle elementor-position-top elementor-mobile-position-top elementor-widget elementor-widget-icon-box\" data-id=\"956ebd5\" data-element_type=\"widget\" data-widget_type=\"icon-box.default\">\n\t\t\t\t<div class=\"elementor-widget-container\">\n\t\t\t\t\t<div class=\"elementor-icon-box-wrapper\">\n\n\t\t\t\t\t\t<div class=\"elementor-icon-box-icon\">\n\t\t\t\t<span  class=\"elementor-icon elementor-animation-\">\n\t\t\t\t<i aria-hidden=\"true\" class=\"fas fa-clinic-medical\"><\/i>\t\t\t\t<\/span>\n\t\t\t<\/div>\n\t\t\t\n\t\t\t\t\t\t<div class=\"elementor-icon-box-content\">\n\n\t\t\t\t\t\t\t\t\t<h3 class=\"elementor-icon-box-title\">\n\t\t\t\t\t\t<span  >\n\t\t\t\t\t\t\t1012 Budapest, Lovas \u00fat 10.\t\t\t\t\t\t<\/span>\n\t\t\t\t\t<\/h3>\n\t\t\t\t\n\t\t\t\t\n\t\t\t<\/div>\n\t\t\t\n\t\t<\/div>\n\t\t\t\t<\/div>\n\t\t\t\t<\/div>\n\t\t\t\t\t<\/div>\n\t\t<\/div>\n\t\t\t\t<div class=\"elementor-column elementor-col-50 elementor-inner-column elementor-element elementor-element-dda1c97\" data-id=\"dda1c97\" data-element_type=\"column\">\n\t\t\t<div class=\"elementor-widget-wrap elementor-element-populated\">\n\t\t\t\t\t\t<div data-ha-element-link=\"{&quot;url&quot;:&quot;tel:%20+36209506400&quot;,&quot;is_external&quot;:&quot;&quot;,&quot;nofollow&quot;:&quot;&quot;}\" style=\"cursor: pointer\" class=\"elementor-element elementor-element-ffb91d9 elementor-view-stacked elementor-shape-circle elementor-position-top elementor-mobile-position-top elementor-widget elementor-widget-icon-box\" data-id=\"ffb91d9\" data-element_type=\"widget\" data-widget_type=\"icon-box.default\">\n\t\t\t\t<div class=\"elementor-widget-container\">\n\t\t\t\t\t<div class=\"elementor-icon-box-wrapper\">\n\n\t\t\t\t\t\t<div class=\"elementor-icon-box-icon\">\n\t\t\t\t<span  class=\"elementor-icon elementor-animation-\">\n\t\t\t\t<i aria-hidden=\"true\" class=\"fas fa-phone\"><\/i>\t\t\t\t<\/span>\n\t\t\t<\/div>\n\t\t\t\n\t\t\t\t\t\t<div class=\"elementor-icon-box-content\">\n\n\t\t\t\t\t\t\t\t\t<h3 class=\"elementor-icon-box-title\">\n\t\t\t\t\t\t<span  >\n\t\t\t\t\t\t\t+36 20 427 9601\t\t\t\t\t\t<\/span>\n\t\t\t\t\t<\/h3>\n\t\t\t\t\n\t\t\t\t\n\t\t\t<\/div>\n\t\t\t\n\t\t<\/div>\n\t\t\t\t<\/div>\n\t\t\t\t<\/div>\n\t\t\t\t\t<\/div>\n\t\t<\/div>\n\t\t\t\t\t<\/div>\n\t\t<\/section>\n\t\t\t\t<section class=\"elementor-section elementor-inner-section elementor-element elementor-element-1612b84 elementor-section-boxed elementor-section-height-default elementor-section-height-default\" data-id=\"1612b84\" data-element_type=\"section\" data-settings=\"{&quot;_ha_eqh_enable&quot;:false}\">\n\t\t\t\t\t\t<div class=\"elementor-container elementor-column-gap-default\">\n\t\t\t\t\t<div class=\"elementor-column elementor-col-100 elementor-inner-column elementor-element elementor-element-bd18c05\" data-id=\"bd18c05\" data-element_type=\"column\">\n\t\t\t<div class=\"elementor-widget-wrap elementor-element-populated\">\n\t\t\t\t\t\t<div data-ha-element-link=\"{&quot;url&quot;:&quot;mailto:%20horvath.nora@professionalhair.hu&quot;,&quot;is_external&quot;:&quot;&quot;,&quot;nofollow&quot;:&quot;&quot;}\" style=\"cursor: pointer\" class=\"elementor-element elementor-element-501983b elementor-view-stacked elementor-shape-circle elementor-position-top elementor-mobile-position-top elementor-widget elementor-widget-icon-box\" data-id=\"501983b\" data-element_type=\"widget\" data-widget_type=\"icon-box.default\">\n\t\t\t\t<div class=\"elementor-widget-container\">\n\t\t\t\t\t<div class=\"elementor-icon-box-wrapper\">\n\n\t\t\t\t\t\t<div class=\"elementor-icon-box-icon\">\n\t\t\t\t<span  class=\"elementor-icon elementor-animation-\">\n\t\t\t\t<i aria-hidden=\"true\" class=\"fas fa-at\"><\/i>\t\t\t\t<\/span>\n\t\t\t<\/div>\n\t\t\t\n\t\t\t\t\t\t<div class=\"elementor-icon-box-content\">\n\n\t\t\t\t\t\t\t\t\t<h3 class=\"elementor-icon-box-title\">\n\t\t\t\t\t\t<span  >\n\t\t\t\t\t\t\tbiro.gabi@professionalhair.hu\t\t\t\t\t\t<\/span>\n\t\t\t\t\t<\/h3>\n\t\t\t\t\n\t\t\t\t\n\t\t\t<\/div>\n\t\t\t\n\t\t<\/div>\n\t\t\t\t<\/div>\n\t\t\t\t<\/div>\n\t\t\t\t\t<\/div>\n\t\t<\/div>\n\t\t\t\t\t<\/div>\n\t\t<\/section>\n\t\t\t\t\t<\/div>\n\t\t<\/div>\n\t\t\t\t<div class=\"elementor-column elementor-col-50 elementor-top-column elementor-element elementor-element-c91cd1a\" data-id=\"c91cd1a\" data-element_type=\"column\">\n\t\t\t<div class=\"elementor-widget-wrap elementor-element-populated\">\n\t\t\t\t\t\t<div class=\"elementor-element elementor-element-2b038c5 elementor-widget elementor-widget-text-editor\" data-id=\"2b038c5\" data-element_type=\"widget\" data-widget_type=\"text-editor.default\">\n\t\t\t\t<div class=\"elementor-widget-container\">\n\t\t\t\t\t\t\t<iframe style=\"border-radius: 4px;\" src=\"https:\/\/www.google.com\/maps\/embed?pb=!1m14!1m8!1m3!1d5390.802659959408!2d19.02108736977539!3d47.50157489999999!3m2!1i1024!2i768!4f13.1!3m3!1m2!1s0x4741dc21ed407ae3%3A0xab32943800761aa4!2sProfessional%20Hair%20Hajbe%C3%BCltet%C3%A9s%20Klinika%20Budapest!5e0!3m2!1shu!2sus!4v1653319943557!5m2!1shu!2sus\" width=\"600\" height=\"500\" allowfullscreen=\"allowfullscreen\"><\/iframe>\t\t\t\t\t\t<\/div>\n\t\t\t\t<\/div>\n\t\t\t\t\t<\/div>\n\t\t<\/div>\n\t\t\t\t\t<\/div>\n\t\t<\/section>\n\t\t\t\t<\/div>","protected":false},"excerpt":{"rendered":"<p>Kapcsolat RENDEL\u0150NK MEGK\u00d6ZEL\u00cdT\u00c9SE SZ\u00c9LL K\u00c1LM\u00c1N T\u00c9RT\u0150L: V\u00e1rbusszal elm\u00e9sz a Szenth\u00e1roms\u00e1g t\u00e9rig. A lesz\u00e1ll\u00e1s ut\u00e1n jobbra megtal\u00e1lod a Szenth\u00e1roms\u00e1g utc\u00e1t, melynek a v\u00e9g\u00e9n l\u00e9pcs\u0151 vezet le a Lovas utc\u00e1ra. Le\u00e9rkez\u00e9skor fordulj jobbra \u00e9s hamarosan megtal\u00e1lod a 10-es sz\u00e1mot. D\u00c9LI P\u00c1LYAUDVART\u00d3L: \u00c1tmenve a V\u00e9rmez\u0151n az Attila \u00fatra jutsz. Szembe tal\u00e1lod a Bug\u00e1t l\u00e9pcs\u0151t, mely felvezet a Lovas [&hellip;]<\/p>","protected":false},"author":1,"featured_media":0,"parent":0,"menu_order":0,"comment_status":"closed","ping_status":"closed","template":"","meta":{"footnotes":""},"class_list":["post-855","page","type-page","status-publish","hentry"],"yoast_head":"<!-- This site is optimized with the Yoast SEO plugin v23.9 - https:\/\/yoast.com\/wordpress\/plugins\/seo\/ -->\n<title>Kapcsolat - Professional Hair<\/title>\n<meta name=\"robots\" content=\"index, follow, max-snippet:-1, max-image-preview:large, max-video-preview:-1\" \/>\n<link rel=\"canonical\" href=\"https:\/\/professionalhair.hu\/en\/kapcsolat\/\" \/>\n<meta property=\"og:locale\" content=\"en_US\" \/>\n<meta property=\"og:type\" content=\"article\" \/>\n<meta property=\"og:title\" content=\"Kapcsolat - Professional Hair\" \/>\n<meta property=\"og:description\" content=\"Kapcsolat RENDEL\u0150NK MEGK\u00d6ZEL\u00cdT\u00c9SE SZ\u00c9LL K\u00c1LM\u00c1N T\u00c9RT\u0150L: V\u00e1rbusszal elm\u00e9sz a Szenth\u00e1roms\u00e1g t\u00e9rig. A lesz\u00e1ll\u00e1s ut\u00e1n jobbra megtal\u00e1lod a Szenth\u00e1roms\u00e1g utc\u00e1t, melynek a v\u00e9g\u00e9n l\u00e9pcs\u0151 vezet le a Lovas utc\u00e1ra. Le\u00e9rkez\u00e9skor fordulj jobbra \u00e9s hamarosan megtal\u00e1lod a 10-es sz\u00e1mot. D\u00c9LI P\u00c1LYAUDVART\u00d3L: \u00c1tmenve a V\u00e9rmez\u0151n az Attila \u00fatra jutsz. Szembe tal\u00e1lod a Bug\u00e1t l\u00e9pcs\u0151t, mely felvezet a Lovas [&hellip;]\" \/>\n<meta property=\"og:url\" content=\"https:\/\/professionalhair.hu\/en\/kapcsolat\/\" \/>\n<meta property=\"og:site_name\" content=\"Professional Hair\" \/>\n<meta property=\"article:publisher\" content=\"https:\/\/www.facebook.com\/professionalhairbudapest\" \/>\n<meta property=\"article:modified_time\" content=\"2024-09-01T07:11:54+00:00\" \/>\n<meta name=\"twitter:card\" content=\"summary_large_image\" \/>\n<meta name=\"twitter:label1\" content=\"Est. reading time\" \/>\n\t<meta name=\"twitter:data1\" content=\"1 minute\" \/>\n<script type=\"application\/ld+json\" class=\"yoast-schema-graph\">{\"@context\":\"https:\/\/schema.org\",\"@graph\":[{\"@type\":\"WebPage\",\"@id\":\"https:\/\/professionalhair.hu\/kapcsolat\/\",\"url\":\"https:\/\/professionalhair.hu\/kapcsolat\/\",\"name\":\"Kapcsolat - Professional Hair\",\"isPartOf\":{\"@id\":\"https:\/\/professionalhair.hu\/#website\"},\"datePublished\":\"2022-05-23T15:22:59+00:00\",\"dateModified\":\"2024-09-01T07:11:54+00:00\",\"breadcrumb\":{\"@id\":\"https:\/\/professionalhair.hu\/kapcsolat\/#breadcrumb\"},\"inLanguage\":\"en-US\",\"potentialAction\":[{\"@type\":\"ReadAction\",\"target\":[\"https:\/\/professionalhair.hu\/kapcsolat\/\"]}]},{\"@type\":\"BreadcrumbList\",\"@id\":\"https:\/\/professionalhair.hu\/kapcsolat\/#breadcrumb\",\"itemListElement\":[{\"@type\":\"ListItem\",\"position\":1,\"name\":\"Kezd\u0151lap\",\"item\":\"https:\/\/professionalhair.hu\/\"},{\"@type\":\"ListItem\",\"position\":2,\"name\":\"Kapcsolat\"}]},{\"@type\":\"WebSite\",\"@id\":\"https:\/\/professionalhair.hu\/#website\",\"url\":\"https:\/\/professionalhair.hu\/\",\"name\":\"Professional Hair\",\"description\":\"Hajbe\u00fcltet\u00e9s Budapest\",\"publisher\":{\"@id\":\"https:\/\/professionalhair.hu\/#organization\"},\"potentialAction\":[{\"@type\":\"SearchAction\",\"target\":{\"@type\":\"EntryPoint\",\"urlTemplate\":\"https:\/\/professionalhair.hu\/?s={search_term_string}\"},\"query-input\":{\"@type\":\"PropertyValueSpecification\",\"valueRequired\":true,\"valueName\":\"search_term_string\"}}],\"inLanguage\":\"en-US\"},{\"@type\":\"Organization\",\"@id\":\"https:\/\/professionalhair.hu\/#organization\",\"name\":\"Professional Hair\",\"url\":\"https:\/\/professionalhair.hu\/\",\"logo\":{\"@type\":\"ImageObject\",\"inLanguage\":\"en-US\",\"@id\":\"https:\/\/professionalhair.hu\/#\/schema\/logo\/image\/\",\"url\":\"https:\/\/professionalhair.hu\/wp-content\/uploads\/2022\/05\/logo_footer.webp\",\"contentUrl\":\"https:\/\/professionalhair.hu\/wp-content\/uploads\/2022\/05\/logo_footer.webp\",\"width\":263,\"height\":60,\"caption\":\"Professional Hair\"},\"image\":{\"@id\":\"https:\/\/professionalhair.hu\/#\/schema\/logo\/image\/\"},\"sameAs\":[\"https:\/\/www.facebook.com\/professionalhairbudapest\",\"https:\/\/www.youtube.com\/channel\/UC3yW-vWCddUuRSs6cormhjA\",\"https:\/\/www.instagram.com\/professionalhairbudapest\/\"]}]}<\/script>\n<!-- \/ Yoast SEO plugin. -->","yoast_head_json":{"title":"Kapcsolat - Professional Hair","robots":{"index":"index","follow":"follow","max-snippet":"max-snippet:-1","max-image-preview":"max-image-preview:large","max-video-preview":"max-video-preview:-1"},"canonical":"https:\/\/professionalhair.hu\/en\/kapcsolat\/","og_locale":"en_US","og_type":"article","og_title":"Kapcsolat - Professional Hair","og_description":"Kapcsolat RENDEL\u0150NK MEGK\u00d6ZEL\u00cdT\u00c9SE SZ\u00c9LL K\u00c1LM\u00c1N T\u00c9RT\u0150L: V\u00e1rbusszal elm\u00e9sz a Szenth\u00e1roms\u00e1g t\u00e9rig. A lesz\u00e1ll\u00e1s ut\u00e1n jobbra megtal\u00e1lod a Szenth\u00e1roms\u00e1g utc\u00e1t, melynek a v\u00e9g\u00e9n l\u00e9pcs\u0151 vezet le a Lovas utc\u00e1ra. Le\u00e9rkez\u00e9skor fordulj jobbra \u00e9s hamarosan megtal\u00e1lod a 10-es sz\u00e1mot. D\u00c9LI P\u00c1LYAUDVART\u00d3L: \u00c1tmenve a V\u00e9rmez\u0151n az Attila \u00fatra jutsz. Szembe tal\u00e1lod a Bug\u00e1t l\u00e9pcs\u0151t, mely felvezet a Lovas [&hellip;]","og_url":"https:\/\/professionalhair.hu\/en\/kapcsolat\/","og_site_name":"Professional Hair","article_publisher":"https:\/\/www.facebook.com\/professionalhairbudapest","article_modified_time":"2024-09-01T07:11:54+00:00","twitter_card":"summary_large_image","twitter_misc":{"Est. reading time":"1 minute"},"schema":{"@context":"https:\/\/schema.org","@graph":[{"@type":"WebPage","@id":"https:\/\/professionalhair.hu\/kapcsolat\/","url":"https:\/\/professionalhair.hu\/kapcsolat\/","name":"Kapcsolat - Professional Hair","isPartOf":{"@id":"https:\/\/professionalhair.hu\/#website"},"datePublished":"2022-05-23T15:22:59+00:00","dateModified":"2024-09-01T07:11:54+00:00","breadcrumb":{"@id":"https:\/\/professionalhair.hu\/kapcsolat\/#breadcrumb"},"inLanguage":"en-US","potentialAction":[{"@type":"ReadAction","target":["https:\/\/professionalhair.hu\/kapcsolat\/"]}]},{"@type":"BreadcrumbList","@id":"https:\/\/professionalhair.hu\/kapcsolat\/#breadcrumb","itemListElement":[{"@type":"ListItem","position":1,"name":"Kezd\u0151lap","item":"https:\/\/professionalhair.hu\/"},{"@type":"ListItem","position":2,"name":"Kapcsolat"}]},{"@type":"WebSite","@id":"https:\/\/professionalhair.hu\/#website","url":"https:\/\/professionalhair.hu\/","name":"Professional Hair","description":"Hajbe\u00fcltet\u00e9s Budapest","publisher":{"@id":"https:\/\/professionalhair.hu\/#organization"},"potentialAction":[{"@type":"SearchAction","target":{"@type":"EntryPoint","urlTemplate":"https:\/\/professionalhair.hu\/?s={search_term_string}"},"query-input":{"@type":"PropertyValueSpecification","valueRequired":true,"valueName":"search_term_string"}}],"inLanguage":"en-US"},{"@type":"Organization","@id":"https:\/\/professionalhair.hu\/#organization","name":"Professional Hair","url":"https:\/\/professionalhair.hu\/","logo":{"@type":"ImageObject","inLanguage":"en-US","@id":"https:\/\/professionalhair.hu\/#\/schema\/logo\/image\/","url":"https:\/\/professionalhair.hu\/wp-content\/uploads\/2022\/05\/logo_footer.webp","contentUrl":"https:\/\/professionalhair.hu\/wp-content\/uploads\/2022\/05\/logo_footer.webp","width":263,"height":60,"caption":"Professional Hair"},"image":{"@id":"https:\/\/professionalhair.hu\/#\/schema\/logo\/image\/"},"sameAs":["https:\/\/www.facebook.com\/professionalhairbudapest","https:\/\/www.youtube.com\/channel\/UC3yW-vWCddUuRSs6cormhjA","https:\/\/www.instagram.com\/professionalhairbudapest\/"]}]}},"_links":{"self":[{"href":"https:\/\/professionalhair.hu\/en\/wp-json\/wp\/v2\/pages\/855","targetHints":{"allow":["GET"]}}],"collection":[{"href":"https:\/\/professionalhair.hu\/en\/wp-json\/wp\/v2\/pages"}],"about":[{"href":"https:\/\/professionalhair.hu\/en\/wp-json\/wp\/v2\/types\/page"}],"author":[{"embeddable":true,"href":"https:\/\/professionalhair.hu\/en\/wp-json\/wp\/v2\/users\/1"}],"replies":[{"embeddable":true,"href":"https:\/\/professionalhair.hu\/en\/wp-json\/wp\/v2\/comments?post=855"}],"version-history":[{"count":0,"href":"https:\/\/professionalhair.hu\/en\/wp-json\/wp\/v2\/pages\/855\/revisions"}],"wp:attachment":[{"href":"https:\/\/professionalhair.hu\/en\/wp-json\/wp\/v2\/media?parent=855"}],"curies":[{"name":"wp","href":"https:\/\/api.w.org\/{rel}","templated":true}]}}